{"id":111211,"date":"2025-11-04T05:55:48","date_gmt":"2025-11-04T03:55:48","guid":{"rendered":"https:\/\/automatic.ee\/toode\/oli-puurimiseks-ja-loikamiseks-300ml-%d0%bc%d0%b0%d1%81%d0%bb%d0%be-%d0%b4%d0%bb%d1%8f-%d1%81%d0%b2%d0%b5%d1%80%d0%bb%d0%b5%d0%bd%d0%b8%d1%8f-%d0%b8-%d1%80%d0%b5%d0%b7%d0%ba%d0%b8\/"},"modified":"2025-11-04T05:55:48","modified_gmt":"2025-11-04T03:55:48","slug":"oli-puurimiseks-ja-loikamiseks-300ml-%d0%bc%d0%b0%d1%81%d0%bb%d0%be-%d0%b4%d0%bb%d1%8f-%d1%81%d0%b2%d0%b5%d1%80%d0%bb%d0%b5%d0%bd%d0%b8%d1%8f-%d0%b8-%d1%80%d0%b5%d0%b7%d0%ba%d0%b8","status":"publish","type":"product","link":"https:\/\/automatic.ee\/en\/toode\/oli-puurimiseks-ja-loikamiseks-300ml-%d0%bc%d0%b0%d1%81%d0%bb%d0%be-%d0%b4%d0%bb%d1%8f-%d1%81%d0%b2%d0%b5%d1%80%d0%bb%d0%b5%d0%bd%d0%b8%d1%8f-%d0%b8-%d1%80%d0%b5%d0%b7%d0%ba%d0%b8\/","title":{"rendered":"\u00d5LI PUURIMISEKS JA L\u00d5IKAMISEKS 300ml \u041c\u0410\u0421\u041b\u041e \u0414\u041b\u042f \u0421\u0412\u0415\u0420\u041b\u0415\u041d\u0418\u042f \u0418 \u0420\u0415\u0417\u041a\u0418"},"content":{"rendered":"<p>M\u00e4\u00e4rdeaine joogiveetorude ja veev\u00f5tus\u00fcsteemide keermestamiseks v\u00f5i puurimiseks.<\/p>\n<div>K\u00f5igi k\u00e4sitsi ja elektriliste metallit\u00f6\u00f6tlemist\u00f6\u00f6riistade jaoks, sealhulgas puurimine, keermestamine, tsentreerimine, freesimine ja palju muud.<\/div>\n<div>Sobib enamikule materjalidele<\/div>\n<div>Eelised:<\/div>\n<div>V\u00f5ib kasutada joogiveetorudes.<\/div>\n<div>Testitud ja sertifitseeritud (registrinumber DW-0201CM0572) DVGW poolt.<\/div>\n<div>V\u00f5ib kasutada metallosadel, mis puutuvad kokku joogiveega.<\/div>\n<div>Parandab pinna kvaliteeti<\/div>\n<div>Suurep\u00e4rased m\u00e4\u00e4rdeomadused parandavad laastude eemaldamist.<\/div>\n<div>V\u00e4hem soojuse teke toob kaasa kitsamad tolerantsivahemikud.<\/div>\n<div>Pikendab puurimis- ja l\u00f5iket\u00f6\u00f6riistade eluiga.<\/div>\n<div>Suurep\u00e4rased m\u00e4\u00e4rdeomadused v\u00e4hendavad l\u00f5ike- ja puurimist\u00f6\u00f6riistade kulumist.<\/div>\n<div>T\u00f6\u00f6riista temperatuuri alandamine pikendab selle kasutusiga.<\/div>\n<div>Sobib paljudele metallidele.<\/div>\n<div>Mustmetallid, raud, (legeer)teras, malm<\/div>\n<div>V\u00e4rvilised metallid, alumiinium, vask, messing v\u00f5i alumiiniumvalu.<\/div>\n<div>Puhastusvahendeid pole vaja<\/div>\n<div>\u00dcleliigse materjali v\u00f5ib veega maha pesta.<\/div>\n","protected":false},"excerpt":{"rendered":"<p>153417 BERNER<\/p>\n","protected":false},"featured_media":111208,"comment_status":"open","ping_status":"closed","template":"","meta":{"colormag_page_container_layout":"default_layout","colormag_page_sidebar_layout":"default_layout"},"product_brand":[],"product_cat":[108],"product_tag":[],"class_list":{"0":"post-111211","1":"product","2":"type-product","3":"status-publish","4":"has-post-thumbnail","6":"product_cat-misc","8":"first","9":"instock","10":"shipping-taxable","11":"purchasable","12":"product-type-simple"},"_links":{"self":[{"href":"https:\/\/automatic.ee\/en\/wp-json\/wp\/v2\/product\/111211","targetHints":{"allow":["GET"]}}],"collection":[{"href":"https:\/\/automatic.ee\/en\/wp-json\/wp\/v2\/product"}],"about":[{"href":"https:\/\/automatic.ee\/en\/wp-json\/wp\/v2\/types\/product"}],"replies":[{"embeddable":true,"href":"https:\/\/automatic.ee\/en\/wp-json\/wp\/v2\/comments?post=111211"}],"wp:featuredmedia":[{"embeddable":true,"href":"https:\/\/automatic.ee\/en\/wp-json\/wp\/v2\/media\/111208"}],"wp:attachment":[{"href":"https:\/\/automatic.ee\/en\/wp-json\/wp\/v2\/media?parent=111211"}],"wp:term":[{"taxonomy":"product_brand","embeddable":true,"href":"https:\/\/automatic.ee\/en\/wp-json\/wp\/v2\/product_brand?post=111211"},{"taxonomy":"product_cat","embeddable":true,"href":"https:\/\/automatic.ee\/en\/wp-json\/wp\/v2\/product_cat?post=111211"},{"taxonomy":"product_tag","embeddable":true,"href":"https:\/\/automatic.ee\/en\/wp-json\/wp\/v2\/product_tag?post=111211"}],"curies":[{"name":"wp","href":"https:\/\/api.w.org\/{rel}","templated":true}]}}