{"id":110983,"date":"2025-11-04T05:51:24","date_gmt":"2025-11-04T03:51:24","guid":{"rendered":"https:\/\/automatic.ee\/toode\/uksepakuliist-bmw-x5-f15-2013-2018-avisa\/"},"modified":"2025-11-04T05:51:24","modified_gmt":"2025-11-04T03:51:24","slug":"uksepakuliist-bmw-x5-f15-2013-2018-avisa","status":"publish","type":"product","link":"https:\/\/automatic.ee\/en\/toode\/uksepakuliist-bmw-x5-f15-2013-2018-avisa\/","title":{"rendered":"UKSEPAKULIIST BMW X5 F15 2013-2018 AVISA"},"content":{"rendered":"<p>Roostevabast terasest l\u00e4vepaku kaitseribad firmalt Avisa.<\/p>\n<div><\/div>\n<div>Praktilised l\u00e4veribad, mis kaitsevad l\u00e4vepakusid s\u00f5idukisse sisenemisel ja sealt v\u00e4ljumisel. See praktiline lisavarustus annab autole ka luksusliku v\u00e4limuse, latt on tehases v\u00e4ga kaunilt t\u00f6\u00f6deldud ning kokkupanek toimub tootes sisalduva kahepoolse teibi liimimise teel. Uksel\u00e4vekaitsed kaitsevad teie s\u00f5idukit, hoides samal ajal kokku tulevaste remondikuludelt.<\/div>\n<div><\/div>\n<div>M\u00f5eldud autodele: BMW X5 F15 (08.2013 &#8211; 07.2018)<\/div>\n<div><\/div>\n<div>Tehnilised andmed:<\/div>\n<div><\/div>\n<div>valmistatud kvaliteetsest roostevabast terasest<\/div>\n<div>hoiab \u00e4ra l\u00e4vendite kahjustamise autosse sisenemisel ja sealt v\u00e4ljumisel<\/div>\n<div>See on ilus auto disainielement<\/div>\n<div>v\u00e4ga k\u00f5rge kvaliteediga tehasetoodang, Avisa on meie teene t\u00e4nu oma t\u00e4psusele ja originaalsele disainile.<\/div>\n<div>v\u00e4ga lihtne paigaldamine, kasutades ribas sisalduvat kahepoolset kleeplinti<\/div>\n","protected":false},"excerpt":{"rendered":"<p>2\/03015<\/p>\n","protected":false},"featured_media":110980,"comment_status":"open","ping_status":"closed","template":"","meta":{"colormag_page_container_layout":"default_layout","colormag_page_sidebar_layout":"default_layout"},"product_brand":[],"product_cat":[163,136],"product_tag":[],"class_list":{"0":"post-110983","1":"product","2":"type-product","3":"status-publish","4":"has-post-thumbnail","6":"product_cat-liist-tuning","7":"product_cat-lisavarustus","9":"first","10":"instock","11":"shipping-taxable","12":"purchasable","13":"product-type-simple"},"_links":{"self":[{"href":"https:\/\/automatic.ee\/en\/wp-json\/wp\/v2\/product\/110983","targetHints":{"allow":["GET"]}}],"collection":[{"href":"https:\/\/automatic.ee\/en\/wp-json\/wp\/v2\/product"}],"about":[{"href":"https:\/\/automatic.ee\/en\/wp-json\/wp\/v2\/types\/product"}],"replies":[{"embeddable":true,"href":"https:\/\/automatic.ee\/en\/wp-json\/wp\/v2\/comments?post=110983"}],"wp:featuredmedia":[{"embeddable":true,"href":"https:\/\/automatic.ee\/en\/wp-json\/wp\/v2\/media\/110980"}],"wp:attachment":[{"href":"https:\/\/automatic.ee\/en\/wp-json\/wp\/v2\/media?parent=110983"}],"wp:term":[{"taxonomy":"product_brand","embeddable":true,"href":"https:\/\/automatic.ee\/en\/wp-json\/wp\/v2\/product_brand?post=110983"},{"taxonomy":"product_cat","embeddable":true,"href":"https:\/\/automatic.ee\/en\/wp-json\/wp\/v2\/product_cat?post=110983"},{"taxonomy":"product_tag","embeddable":true,"href":"https:\/\/automatic.ee\/en\/wp-json\/wp\/v2\/product_tag?post=110983"}],"curies":[{"name":"wp","href":"https:\/\/api.w.org\/{rel}","templated":true}]}}