{"id":110963,"date":"2025-11-04T05:51:01","date_gmt":"2025-11-04T03:51:01","guid":{"rendered":"https:\/\/automatic.ee\/toode\/stangekaitseliist-toyota-prius-ii-xw30\/"},"modified":"2025-11-04T05:51:01","modified_gmt":"2025-11-04T03:51:01","slug":"stangekaitseliist-toyota-prius-ii-xw30","status":"publish","type":"product","link":"https:\/\/automatic.ee\/en\/toode\/stangekaitseliist-toyota-prius-ii-xw30\/","title":{"rendered":"STANGEKAITSELIIST TOYOTA PRIUS II XW30"},"content":{"rendered":"<p>Toyota Prius III (2009-2015) tagumine p\u00f5rkeraud on valmistatud kvaliteetsest poleeritud roostevabast terasest. See on valmistatud tagaraua t\u00e4pset geomeetriat arvesse v\u00f5ttes ning sellel on nii kaitse- kui ka dekoratiivne funktsioon. Siseviimistlusel on painutus, t\u00e4nu millele on kaitseraua nurk usaldusv\u00e4\u00e4rselt kaitstud kriimustuste ja v\u00e4rvkatte kahjustuste eest. See on kinnitatud kvaliteetse niiskuskindla kahepoolse teibiga, mis on juba kinnitatud padja tagak\u00fcljele. Samuti v\u00e4\u00e4rib m\u00e4rkimist, et kaitseraua kaitsekattel on originaalne disain, mis annab teie Toyota Prius 3-le isikup\u00e4rase v\u00e4limuse ja sportliku iseloomu.<\/p>\n<div><\/div>\n<div>See sisustus on Euroopa edasim\u00fc\u00fcjate seas populaarne Toyota Prius 3 (2009-2015) lisavarustusena.<\/div>\n","protected":false},"excerpt":{"rendered":"<p>2\/35127 AVISA<\/p>\n","protected":false},"featured_media":110960,"comment_status":"open","ping_status":"closed","template":"","meta":{"colormag_page_container_layout":"default_layout","colormag_page_sidebar_layout":"default_layout"},"product_brand":[],"product_cat":[163,136],"product_tag":[],"class_list":{"0":"post-110963","1":"product","2":"type-product","3":"status-publish","4":"has-post-thumbnail","6":"product_cat-liist-tuning","7":"product_cat-lisavarustus","9":"first","10":"instock","11":"shipping-taxable","12":"purchasable","13":"product-type-simple"},"_links":{"self":[{"href":"https:\/\/automatic.ee\/en\/wp-json\/wp\/v2\/product\/110963","targetHints":{"allow":["GET"]}}],"collection":[{"href":"https:\/\/automatic.ee\/en\/wp-json\/wp\/v2\/product"}],"about":[{"href":"https:\/\/automatic.ee\/en\/wp-json\/wp\/v2\/types\/product"}],"replies":[{"embeddable":true,"href":"https:\/\/automatic.ee\/en\/wp-json\/wp\/v2\/comments?post=110963"}],"wp:featuredmedia":[{"embeddable":true,"href":"https:\/\/automatic.ee\/en\/wp-json\/wp\/v2\/media\/110960"}],"wp:attachment":[{"href":"https:\/\/automatic.ee\/en\/wp-json\/wp\/v2\/media?parent=110963"}],"wp:term":[{"taxonomy":"product_brand","embeddable":true,"href":"https:\/\/automatic.ee\/en\/wp-json\/wp\/v2\/product_brand?post=110963"},{"taxonomy":"product_cat","embeddable":true,"href":"https:\/\/automatic.ee\/en\/wp-json\/wp\/v2\/product_cat?post=110963"},{"taxonomy":"product_tag","embeddable":true,"href":"https:\/\/automatic.ee\/en\/wp-json\/wp\/v2\/product_tag?post=110963"}],"curies":[{"name":"wp","href":"https:\/\/api.w.org\/{rel}","templated":true}]}}