{"id":110947,"date":"2025-11-04T05:50:47","date_gmt":"2025-11-04T03:50:47","guid":{"rendered":"https:\/\/automatic.ee\/toode\/stangekaitseliist-nissan-qashqai-2007-2013-avisa\/"},"modified":"2025-11-04T05:50:47","modified_gmt":"2025-11-04T03:50:47","slug":"stangekaitseliist-nissan-qashqai-2007-2013-avisa","status":"publish","type":"product","link":"https:\/\/automatic.ee\/en\/toode\/stangekaitseliist-nissan-qashqai-2007-2013-avisa\/","title":{"rendered":"STANGEKAITSELIIST NISSAN QASHQAI 2007-2013 AVISA"},"content":{"rendered":"<p>Roostevabast terasest kaitseriba kaitseraua \u00fclemise serva jaoks Avisalt.<\/p>\n<div><\/div>\n<div>Tonneau kate on muutumas meie klientide seas \u00fcha populaarsemaks autotarvikuks. P\u00f5hjused on selged: kaitseraua \u00fclemise serva kaitse soovimatute m\u00f5jude eest ja elegantne disain, mille auto saab riba kleepimisega. Praktiline riba, mis kaitseb kaitserauda h\u00f5\u00f5rdumise eest esemete peale- ja mahalaadimisel pagasiruumist, on valmistatud kvaliteetsest roostevabast terasest. Liist on tehases t\u00f6\u00f6deldud v\u00e4ga kvaliteetselt ning monteerimine toimub eelnevalt paigaldatud kahepoolsele teibile liimides. Kasutades laadimishuule katet, s\u00e4ilitate oma s\u00f5iduki kaitseraua ja s\u00e4\u00e4state seel\u00e4bi tulevaste remondikuludelt.<\/div>\n<div><\/div>\n<div>See kaitsev tagumine p\u00f5rkeraud sobib suurep\u00e4raselt Nissan Qashqai I-le (12\/2006 &#8211; 11\/2013).<\/div>\n<div><\/div>\n<div>M\u00e4rkus: Ei sobi NIssan Qashqai I +2 versioonile.<\/div>\n<div><\/div>\n<div>Tehnilised andmed:<\/div>\n<div><\/div>\n<div>valmistatud kvaliteetsest roostevabast terasest<\/div>\n<div>hoiab \u00e4ra kaitseraua \u00fclemise serva kahjustamise ostu laadimisel<\/div>\n<div>v\u00e4lisserv paindub \u00fcle kaitseraua serva<\/div>\n<div>See on ilus auto disainielement<\/div>\n<div>v\u00e4ga k\u00f5rge kvaliteediga tehasetoodang, Avisa on meie teene t\u00e4nu oma t\u00e4psusele ja originaalsele disainile.<\/div>\n<div>v\u00e4ga lihtne paigaldamine, kasutades ribas sisalduvat kahepoolset kleeplinti<\/div>\n<div>v\u00e4rvikujundus nagu fotodokumentatsioonis<\/div>\n<div>Avisa VIDEO on leitav ka YouTube&#8217;ist.<\/div>\n<div>VAATA VIDEOT, kus liistud on \u00fcksikasjalikult n\u00e4idatud<\/div>\n<div> <\/div>\n<div><\/div>\n<div>N\u00f5uanded kokkupanekuks:<\/div>\n<div><\/div>\n<div>1. Paigaldage liist temperatuuril \u00fcle 20\u00b0C (kui te ei saa nendes tingimustes liimi liimida, soovitame kasutada f\u00f6\u00f6ni, et p\u00f5rkeraua ja liist veidi soojendada)<\/div>\n<div><\/div>\n<div>2. Kandke riba alati puhtale ja rasvavabale pinnale.<\/div>\n<div><\/div>\n<div>3. Enne lati paigaldamist asetage see mustusele ja kontrollige, kas see sobib teie kaitserauaga.<\/div>\n<div><\/div>\n<div>4. Enne liimimist m\u00e4rgi vasak ja parem serv nii, et riba j\u00e4\u00e4ks t\u00e4pselt keskele (m\u00e4rgistamist saab teha paberist maalriteibiga, mis p\u00e4rast mahakoorumist j\u00e4lgi ei j\u00e4ta)<\/div>\n<div><\/div>\n<div>5. P\u00e4rast sisestamist min. \u00c4rge s\u00f5itke 10 tundi ega j\u00e4tke baari vett.<\/div>\n","protected":false},"excerpt":{"rendered":"<p>2\/35450<\/p>\n","protected":false},"featured_media":110944,"comment_status":"open","ping_status":"closed","template":"","meta":{"colormag_page_container_layout":"default_layout","colormag_page_sidebar_layout":"default_layout"},"product_brand":[],"product_cat":[163,136],"product_tag":[],"class_list":{"0":"post-110947","1":"product","2":"type-product","3":"status-publish","4":"has-post-thumbnail","6":"product_cat-liist-tuning","7":"product_cat-lisavarustus","9":"first","10":"instock","11":"shipping-taxable","12":"purchasable","13":"product-type-simple"},"_links":{"self":[{"href":"https:\/\/automatic.ee\/en\/wp-json\/wp\/v2\/product\/110947","targetHints":{"allow":["GET"]}}],"collection":[{"href":"https:\/\/automatic.ee\/en\/wp-json\/wp\/v2\/product"}],"about":[{"href":"https:\/\/automatic.ee\/en\/wp-json\/wp\/v2\/types\/product"}],"replies":[{"embeddable":true,"href":"https:\/\/automatic.ee\/en\/wp-json\/wp\/v2\/comments?post=110947"}],"wp:featuredmedia":[{"embeddable":true,"href":"https:\/\/automatic.ee\/en\/wp-json\/wp\/v2\/media\/110944"}],"wp:attachment":[{"href":"https:\/\/automatic.ee\/en\/wp-json\/wp\/v2\/media?parent=110947"}],"wp:term":[{"taxonomy":"product_brand","embeddable":true,"href":"https:\/\/automatic.ee\/en\/wp-json\/wp\/v2\/product_brand?post=110947"},{"taxonomy":"product_cat","embeddable":true,"href":"https:\/\/automatic.ee\/en\/wp-json\/wp\/v2\/product_cat?post=110947"},{"taxonomy":"product_tag","embeddable":true,"href":"https:\/\/automatic.ee\/en\/wp-json\/wp\/v2\/product_tag?post=110947"}],"curies":[{"name":"wp","href":"https:\/\/api.w.org\/{rel}","templated":true}]}}