{"id":110911,"date":"2025-11-04T05:50:19","date_gmt":"2025-11-04T03:50:19","guid":{"rendered":"https:\/\/automatic.ee\/toode\/vaha-250ml\/"},"modified":"2025-11-04T05:50:19","modified_gmt":"2025-11-04T03:50:19","slug":"vaha-250ml","status":"publish","type":"product","link":"https:\/\/automatic.ee\/en\/toode\/vaha-250ml\/","title":{"rendered":"VAHA 250ML"},"content":{"rendered":"<p>SONAX 201-100<\/p>\n<p>Uus, murranguline nanotehnoloogial p\u00f5hinev vaha uutele ja pesuvahendiga puhastatud v\u00e4rvipindadele. \u00c4\u00e4rmiselt peeneteralised vahaosakesed toimivad v\u00e4ga lihtsalt, neid on kerge laiali h\u00f5\u00f5ruda, need tungivad kiiresti ja \u00fchtlaselt s\u00fcgavale v\u00e4rvipinna pisimatessegi pooridesse, j\u00e4ttes v\u00e4rvipinnale suurep\u00e4rase l\u00e4ike. V\u00e4ikesed vahaterad tihendavad v\u00e4rvi v\u00e4iksemaidki poore ja annavad pinnale kauakestva vahakaitse. Sisaldab rohkesti carnaubavaha: Ei j\u00e4ta plastmass- v\u00f5i kummiosadele ebameeldivaid vahaj\u00e4lgi.<\/p>\n","protected":false},"excerpt":{"rendered":"<p>201-100 SONAX<\/p>\n","protected":false},"featured_media":110908,"comment_status":"open","ping_status":"closed","template":"","meta":{"colormag_page_container_layout":"default_layout","colormag_page_sidebar_layout":"default_layout"},"product_brand":[],"product_cat":[108],"product_tag":[],"class_list":{"0":"post-110911","1":"product","2":"type-product","3":"status-publish","4":"has-post-thumbnail","6":"product_cat-misc","8":"first","9":"instock","10":"shipping-taxable","11":"purchasable","12":"product-type-simple"},"_links":{"self":[{"href":"https:\/\/automatic.ee\/en\/wp-json\/wp\/v2\/product\/110911","targetHints":{"allow":["GET"]}}],"collection":[{"href":"https:\/\/automatic.ee\/en\/wp-json\/wp\/v2\/product"}],"about":[{"href":"https:\/\/automatic.ee\/en\/wp-json\/wp\/v2\/types\/product"}],"replies":[{"embeddable":true,"href":"https:\/\/automatic.ee\/en\/wp-json\/wp\/v2\/comments?post=110911"}],"wp:featuredmedia":[{"embeddable":true,"href":"https:\/\/automatic.ee\/en\/wp-json\/wp\/v2\/media\/110908"}],"wp:attachment":[{"href":"https:\/\/automatic.ee\/en\/wp-json\/wp\/v2\/media?parent=110911"}],"wp:term":[{"taxonomy":"product_brand","embeddable":true,"href":"https:\/\/automatic.ee\/en\/wp-json\/wp\/v2\/product_brand?post=110911"},{"taxonomy":"product_cat","embeddable":true,"href":"https:\/\/automatic.ee\/en\/wp-json\/wp\/v2\/product_cat?post=110911"},{"taxonomy":"product_tag","embeddable":true,"href":"https:\/\/automatic.ee\/en\/wp-json\/wp\/v2\/product_tag?post=110911"}],"curies":[{"name":"wp","href":"https:\/\/api.w.org\/{rel}","templated":true}]}}