{"id":110796,"date":"2025-11-04T05:48:05","date_gmt":"2025-11-04T03:48:05","guid":{"rendered":"https:\/\/automatic.ee\/toode\/sunteetiline-mitmeotstarbeline-maardeaine-500ml\/"},"modified":"2025-11-04T05:48:05","modified_gmt":"2025-11-04T03:48:05","slug":"sunteetiline-mitmeotstarbeline-maardeaine-500ml","status":"publish","type":"product","link":"https:\/\/automatic.ee\/en\/toode\/sunteetiline-mitmeotstarbeline-maardeaine-500ml\/","title":{"rendered":"S\u00fcnteetiline mitmeotstarbeline m\u00e4\u00e4rdeaine 500ml"},"content":{"rendered":"","protected":false},"excerpt":{"rendered":"<p>207824 BERNER<\/p>\n","protected":false},"featured_media":110793,"comment_status":"open","ping_status":"closed","template":"","meta":{"colormag_page_container_layout":"default_layout","colormag_page_sidebar_layout":"default_layout"},"product_brand":[],"product_cat":[108],"product_tag":[],"class_list":{"0":"post-110796","1":"product","2":"type-product","3":"status-publish","4":"has-post-thumbnail","6":"product_cat-misc","8":"first","9":"instock","10":"shipping-taxable","11":"purchasable","12":"product-type-simple"},"_links":{"self":[{"href":"https:\/\/automatic.ee\/en\/wp-json\/wp\/v2\/product\/110796","targetHints":{"allow":["GET"]}}],"collection":[{"href":"https:\/\/automatic.ee\/en\/wp-json\/wp\/v2\/product"}],"about":[{"href":"https:\/\/automatic.ee\/en\/wp-json\/wp\/v2\/types\/product"}],"replies":[{"embeddable":true,"href":"https:\/\/automatic.ee\/en\/wp-json\/wp\/v2\/comments?post=110796"}],"wp:featuredmedia":[{"embeddable":true,"href":"https:\/\/automatic.ee\/en\/wp-json\/wp\/v2\/media\/110793"}],"wp:attachment":[{"href":"https:\/\/automatic.ee\/en\/wp-json\/wp\/v2\/media?parent=110796"}],"wp:term":[{"taxonomy":"product_brand","embeddable":true,"href":"https:\/\/automatic.ee\/en\/wp-json\/wp\/v2\/product_brand?post=110796"},{"taxonomy":"product_cat","embeddable":true,"href":"https:\/\/automatic.ee\/en\/wp-json\/wp\/v2\/product_cat?post=110796"},{"taxonomy":"product_tag","embeddable":true,"href":"https:\/\/automatic.ee\/en\/wp-json\/wp\/v2\/product_tag?post=110796"}],"curies":[{"name":"wp","href":"https:\/\/api.w.org\/{rel}","templated":true}]}}