{"id":110688,"date":"2025-11-04T05:46:11","date_gmt":"2025-11-04T03:46:11","guid":{"rendered":"https:\/\/automatic.ee\/toode\/armatuuri-puh-aerosool-laige-berner-%d1%81%d0%bf%d1%80%d0%b5%d0%b9-%d0%b4%d0%bb%d1%8f-%d1%81%d0%b0%d0%bb%d0%be%d0%bd%d0%b0-%d0%b1%d0%bb%d0%b5%d1%81%d1%82%d1%8f%d1%89%d0%b8%d0%b9-400ml\/"},"modified":"2025-11-04T05:46:11","modified_gmt":"2025-11-04T03:46:11","slug":"armatuuri-puh-aerosool-laige-berner-%d1%81%d0%bf%d1%80%d0%b5%d0%b9-%d0%b4%d0%bb%d1%8f-%d1%81%d0%b0%d0%bb%d0%be%d0%bd%d0%b0-%d0%b1%d0%bb%d0%b5%d1%81%d1%82%d1%8f%d1%89%d0%b8%d0%b9-400ml","status":"publish","type":"product","link":"https:\/\/automatic.ee\/en\/toode\/armatuuri-puh-aerosool-laige-berner-%d1%81%d0%bf%d1%80%d0%b5%d0%b9-%d0%b4%d0%bb%d1%8f-%d1%81%d0%b0%d0%bb%d0%be%d0%bd%d0%b0-%d0%b1%d0%bb%d0%b5%d1%81%d1%82%d1%8f%d1%89%d0%b8%d0%b9-400ml\/","title":{"rendered":"ARMATUURI PUH.AEROSOOL L\u00c4IGE\u00a0BERNER &#8211; \u0421\u043f\u0440\u0435\u0439 \u0434\u043b\u044f \u0441\u0430\u043b\u043e\u043d\u0430 \u0431\u043b\u0435\u0441\u0442\u044f\u0449\u0438\u0439 400ml"},"content":{"rendered":"<p>Kasutusala:<\/p>\n<div><\/div>\n<div>Plastmasside, kummiosade, armatuurlaudade ja uksepaneelide kaitse ja hooldus<\/div>\n<div><\/div>\n<div>Toote eelised:<\/div>\n<div><\/div>\n<div>Pleekinud plastosad saavad siidiselt uue l\u00e4ike<\/div>\n<div>Pikaajaline hooldusefekt<\/div>\n<div>Sellel on antistaatilised ja tolmukindlad omadused<\/div>\n<div>Pikendab plastide kasutusiga<\/div>\n<div>Meeldiv v\u00e4rske aroom, hoiab \u00e4ra krigisemise ja kr\u00f5mpsumise.<\/div>\n<div>Silikoonivaba<\/div>\n<div><\/div>\n<div>T\u00f6\u00f6tlemisjuhised:<\/div>\n<div><\/div>\n<div>Pihustage toodet pehmele lapile v\u00f5i kaltsule ja p\u00fchkige \u00fchtlaselt ilma survet avaldamata.<\/div>\n<div>\u00c4rge pihustage pedaalidele, p\u00f5randamattidele ega roolirattale<\/div>\n<div>\u00c4rge pihustage otse plastikule<\/div>\n","protected":false},"excerpt":{"rendered":"<p>22384 BERNER<\/p>\n","protected":false},"featured_media":110685,"comment_status":"open","ping_status":"closed","template":"","meta":{"colormag_page_container_layout":"default_layout","colormag_page_sidebar_layout":"default_layout"},"product_brand":[],"product_cat":[108],"product_tag":[],"class_list":{"0":"post-110688","1":"product","2":"type-product","3":"status-publish","4":"has-post-thumbnail","6":"product_cat-misc","8":"first","9":"instock","10":"shipping-taxable","11":"purchasable","12":"product-type-simple"},"_links":{"self":[{"href":"https:\/\/automatic.ee\/en\/wp-json\/wp\/v2\/product\/110688","targetHints":{"allow":["GET"]}}],"collection":[{"href":"https:\/\/automatic.ee\/en\/wp-json\/wp\/v2\/product"}],"about":[{"href":"https:\/\/automatic.ee\/en\/wp-json\/wp\/v2\/types\/product"}],"replies":[{"embeddable":true,"href":"https:\/\/automatic.ee\/en\/wp-json\/wp\/v2\/comments?post=110688"}],"wp:featuredmedia":[{"embeddable":true,"href":"https:\/\/automatic.ee\/en\/wp-json\/wp\/v2\/media\/110685"}],"wp:attachment":[{"href":"https:\/\/automatic.ee\/en\/wp-json\/wp\/v2\/media?parent=110688"}],"wp:term":[{"taxonomy":"product_brand","embeddable":true,"href":"https:\/\/automatic.ee\/en\/wp-json\/wp\/v2\/product_brand?post=110688"},{"taxonomy":"product_cat","embeddable":true,"href":"https:\/\/automatic.ee\/en\/wp-json\/wp\/v2\/product_cat?post=110688"},{"taxonomy":"product_tag","embeddable":true,"href":"https:\/\/automatic.ee\/en\/wp-json\/wp\/v2\/product_tag?post=110688"}],"curies":[{"name":"wp","href":"https:\/\/api.w.org\/{rel}","templated":true}]}}