{"id":110680,"date":"2025-11-04T05:46:01","date_gmt":"2025-11-04T03:46:01","guid":{"rendered":"https:\/\/automatic.ee\/toode\/keevitamise-kaitse-aerosool-400ml-%d1%81%d0%bf%d1%80%d0%b5%d0%b9-%d0%b4%d0%bb%d1%8f-%d0%b7%d0%b0%d1%89%d0%b8%d1%82%d1%8b-%d1%81%d0%b2%d0%b0%d1%80%d0%ba%d0%b8-400ml\/"},"modified":"2025-11-04T05:46:01","modified_gmt":"2025-11-04T03:46:01","slug":"keevitamise-kaitse-aerosool-400ml-%d1%81%d0%bf%d1%80%d0%b5%d0%b9-%d0%b4%d0%bb%d1%8f-%d0%b7%d0%b0%d1%89%d0%b8%d1%82%d1%8b-%d1%81%d0%b2%d0%b0%d1%80%d0%ba%d0%b8-400ml","status":"publish","type":"product","link":"https:\/\/automatic.ee\/en\/toode\/keevitamise-kaitse-aerosool-400ml-%d1%81%d0%bf%d1%80%d0%b5%d0%b9-%d0%b4%d0%bb%d1%8f-%d0%b7%d0%b0%d1%89%d0%b8%d1%82%d1%8b-%d1%81%d0%b2%d0%b0%d1%80%d0%ba%d0%b8-400ml\/","title":{"rendered":"KEEVITAMISE KAITSE AEROSOOL 400ML &#8211; \u0421\u041f\u0420\u0415\u0419 \u0414\u041b\u042f \u0417\u0410\u0429\u0418\u0422\u042b \u0421\u0412\u0410\u0420\u041a\u0418 400ML"},"content":{"rendered":"<p>Kaitseb gaasiotsikuid, kontaktotsikuid ja t\u00f6\u00f6vahendeid keevis\u00f5mbluste k\u00fclge kleepumise eest.<\/p>\n<div>Toote eelised:<\/div>\n<div>Hilisemaid t\u00f6\u00f6tlusi, nagu v\u00e4rvimine v\u00f5i pinnaviimistlus, see ei m\u00f5juta.<\/div>\n<div>Silikoonivaba ja biolagunev.<\/div>\n<div>Mittes\u00fcttiv<\/div>\n<div>Sertifitseeritud SLV Welding Training Institute&#8217;i poolt.<\/div>\n","protected":false},"excerpt":{"rendered":"<p>224324 BERNER<\/p>\n","protected":false},"featured_media":110677,"comment_status":"open","ping_status":"closed","template":"","meta":{"colormag_page_container_layout":"default_layout","colormag_page_sidebar_layout":"default_layout"},"product_brand":[],"product_cat":[108],"product_tag":[],"class_list":{"0":"post-110680","1":"product","2":"type-product","3":"status-publish","4":"has-post-thumbnail","6":"product_cat-misc","8":"first","9":"instock","10":"shipping-taxable","11":"purchasable","12":"product-type-simple"},"_links":{"self":[{"href":"https:\/\/automatic.ee\/en\/wp-json\/wp\/v2\/product\/110680","targetHints":{"allow":["GET"]}}],"collection":[{"href":"https:\/\/automatic.ee\/en\/wp-json\/wp\/v2\/product"}],"about":[{"href":"https:\/\/automatic.ee\/en\/wp-json\/wp\/v2\/types\/product"}],"replies":[{"embeddable":true,"href":"https:\/\/automatic.ee\/en\/wp-json\/wp\/v2\/comments?post=110680"}],"wp:featuredmedia":[{"embeddable":true,"href":"https:\/\/automatic.ee\/en\/wp-json\/wp\/v2\/media\/110677"}],"wp:attachment":[{"href":"https:\/\/automatic.ee\/en\/wp-json\/wp\/v2\/media?parent=110680"}],"wp:term":[{"taxonomy":"product_brand","embeddable":true,"href":"https:\/\/automatic.ee\/en\/wp-json\/wp\/v2\/product_brand?post=110680"},{"taxonomy":"product_cat","embeddable":true,"href":"https:\/\/automatic.ee\/en\/wp-json\/wp\/v2\/product_cat?post=110680"},{"taxonomy":"product_tag","embeddable":true,"href":"https:\/\/automatic.ee\/en\/wp-json\/wp\/v2\/product_tag?post=110680"}],"curies":[{"name":"wp","href":"https:\/\/api.w.org\/{rel}","templated":true}]}}