{"id":110648,"date":"2025-11-04T05:45:15","date_gmt":"2025-11-04T03:45:15","guid":{"rendered":"https:\/\/automatic.ee\/toode\/esimese-kihi-pealekandmiseks\/"},"modified":"2025-11-04T05:45:15","modified_gmt":"2025-11-04T03:45:15","slug":"esimese-kihi-pealekandmiseks","status":"publish","type":"product","link":"https:\/\/automatic.ee\/en\/toode\/esimese-kihi-pealekandmiseks\/","title":{"rendered":"Esimese kihi pealekandmiseks"},"content":{"rendered":"<p>SONAX PROFILINE Ceramic Coating CC36 on kaasaegne toode professionaalseks kasutuseks. Ceramic Coating annab v\u00e4rvipindale v\u00e4ga vastupidava kilbi ja suurep\u00e4rase s\u00fcgava s\u00e4ra. Kaetud v\u00e4rvipind on kaitstud nii UV-kiirguse, kemikaalide kui ka mehaanilise kulumise eest. SONAX Ceramic Coating kaitseb v\u00e4rvitud pinda kuni 36 kuud.<\/p>\n<p>Toote keraamilised osakesed moodustavad v\u00e4ga tiheda kaitsvate osakeste kihi. See osakeste kiht moodustab v\u00e4rvipinnale klaasja, kuid ainulaadse painduva kaitsekihi.<\/p>\n","protected":false},"excerpt":{"rendered":"<p>236-741 SONAX<\/p>\n","protected":false},"featured_media":110645,"comment_status":"open","ping_status":"closed","template":"","meta":{"colormag_page_container_layout":"default_layout","colormag_page_sidebar_layout":"default_layout"},"product_brand":[],"product_cat":[108],"product_tag":[],"class_list":{"0":"post-110648","1":"product","2":"type-product","3":"status-publish","4":"has-post-thumbnail","6":"product_cat-misc","8":"first","9":"instock","10":"shipping-taxable","11":"purchasable","12":"product-type-simple"},"_links":{"self":[{"href":"https:\/\/automatic.ee\/en\/wp-json\/wp\/v2\/product\/110648","targetHints":{"allow":["GET"]}}],"collection":[{"href":"https:\/\/automatic.ee\/en\/wp-json\/wp\/v2\/product"}],"about":[{"href":"https:\/\/automatic.ee\/en\/wp-json\/wp\/v2\/types\/product"}],"replies":[{"embeddable":true,"href":"https:\/\/automatic.ee\/en\/wp-json\/wp\/v2\/comments?post=110648"}],"wp:featuredmedia":[{"embeddable":true,"href":"https:\/\/automatic.ee\/en\/wp-json\/wp\/v2\/media\/110645"}],"wp:attachment":[{"href":"https:\/\/automatic.ee\/en\/wp-json\/wp\/v2\/media?parent=110648"}],"wp:term":[{"taxonomy":"product_brand","embeddable":true,"href":"https:\/\/automatic.ee\/en\/wp-json\/wp\/v2\/product_brand?post=110648"},{"taxonomy":"product_cat","embeddable":true,"href":"https:\/\/automatic.ee\/en\/wp-json\/wp\/v2\/product_cat?post=110648"},{"taxonomy":"product_tag","embeddable":true,"href":"https:\/\/automatic.ee\/en\/wp-json\/wp\/v2\/product_tag?post=110648"}],"curies":[{"name":"wp","href":"https:\/\/api.w.org\/{rel}","templated":true}]}}