{"id":110591,"date":"2025-11-04T05:44:11","date_gmt":"2025-11-04T03:44:11","guid":{"rendered":"https:\/\/automatic.ee\/toode\/bensiinilisand-150-ml\/"},"modified":"2025-11-04T05:44:11","modified_gmt":"2025-11-04T03:44:11","slug":"bensiinilisand-150-ml","status":"publish","type":"product","link":"https:\/\/automatic.ee\/en\/toode\/bensiinilisand-150-ml\/","title":{"rendered":"BENSIINILISAND 150 ml"},"content":{"rendered":"<p>Kasutusvaldkonnad:<\/p>\n<div>Kogu k\u00fctuse- ja p\u00f5lemiss\u00fcsteemi puhastamine.<\/div>\n<div>Bensiini ja esmaklassiliste k\u00fctuste jaoks<\/div>\n<div>Toote eelised:<\/div>\n<div>Puhastab<\/div>\n<div>Torud, karburaatorid, ventiilid, s\u00fc\u00fctek\u00fc\u00fcnlad ja p\u00f5lemiskambrid<\/div>\n<div>Korrosioonikaitse<\/div>\n<div>Parandab p\u00f5lemist<\/div>\n<div>V\u00e4henenud<\/div>\n<div>K\u00fctusekulu ja saasteainete heitkogused<\/div>\n","protected":false},"excerpt":{"rendered":"<p>242706 BERNER<\/p>\n","protected":false},"featured_media":110588,"comment_status":"open","ping_status":"closed","template":"","meta":{"colormag_page_container_layout":"default_layout","colormag_page_sidebar_layout":"default_layout"},"product_brand":[],"product_cat":[108],"product_tag":[],"class_list":{"0":"post-110591","1":"product","2":"type-product","3":"status-publish","4":"has-post-thumbnail","6":"product_cat-misc","8":"first","9":"instock","10":"shipping-taxable","11":"purchasable","12":"product-type-simple"},"_links":{"self":[{"href":"https:\/\/automatic.ee\/en\/wp-json\/wp\/v2\/product\/110591","targetHints":{"allow":["GET"]}}],"collection":[{"href":"https:\/\/automatic.ee\/en\/wp-json\/wp\/v2\/product"}],"about":[{"href":"https:\/\/automatic.ee\/en\/wp-json\/wp\/v2\/types\/product"}],"replies":[{"embeddable":true,"href":"https:\/\/automatic.ee\/en\/wp-json\/wp\/v2\/comments?post=110591"}],"wp:featuredmedia":[{"embeddable":true,"href":"https:\/\/automatic.ee\/en\/wp-json\/wp\/v2\/media\/110588"}],"wp:attachment":[{"href":"https:\/\/automatic.ee\/en\/wp-json\/wp\/v2\/media?parent=110591"}],"wp:term":[{"taxonomy":"product_brand","embeddable":true,"href":"https:\/\/automatic.ee\/en\/wp-json\/wp\/v2\/product_brand?post=110591"},{"taxonomy":"product_cat","embeddable":true,"href":"https:\/\/automatic.ee\/en\/wp-json\/wp\/v2\/product_cat?post=110591"},{"taxonomy":"product_tag","embeddable":true,"href":"https:\/\/automatic.ee\/en\/wp-json\/wp\/v2\/product_tag?post=110591"}],"curies":[{"name":"wp","href":"https:\/\/api.w.org\/{rel}","templated":true}]}}