{"id":110583,"date":"2025-11-04T05:44:06","date_gmt":"2025-11-04T03:44:06","guid":{"rendered":"https:\/\/automatic.ee\/toode\/pinnakaitse-vahend-750ml-sonax\/"},"modified":"2025-11-04T05:44:06","modified_gmt":"2025-11-04T03:44:06","slug":"pinnakaitse-vahend-750ml-sonax","status":"publish","type":"product","link":"https:\/\/automatic.ee\/en\/toode\/pinnakaitse-vahend-750ml-sonax\/","title":{"rendered":"PINNAKAITSE VAHEND 750ml SONAX"},"content":{"rendered":"<p>SONAX 243-400<\/p>\n<p><strong>Kasutamine:<\/strong> peske autot tavap\u00e4raselt \u0161ampooniga ja loputage veega. Pihustage katet m\u00f5\u00f5dukalt m\u00e4rjale v\u00e4rvipinnale ja loputage koheselt rohke veega. Kuivatage \u00fclej\u00e4\u00e4nud tilgad pinnalt kuivatuslapiga.<\/p>\n","protected":false},"excerpt":{"rendered":"<p>243-400 SONAX<\/p>\n","protected":false},"featured_media":110580,"comment_status":"open","ping_status":"closed","template":"","meta":{"colormag_page_container_layout":"default_layout","colormag_page_sidebar_layout":"default_layout"},"product_brand":[],"product_cat":[108],"product_tag":[],"class_list":{"0":"post-110583","1":"product","2":"type-product","3":"status-publish","4":"has-post-thumbnail","6":"product_cat-misc","8":"first","9":"instock","10":"shipping-taxable","11":"purchasable","12":"product-type-simple"},"_links":{"self":[{"href":"https:\/\/automatic.ee\/en\/wp-json\/wp\/v2\/product\/110583","targetHints":{"allow":["GET"]}}],"collection":[{"href":"https:\/\/automatic.ee\/en\/wp-json\/wp\/v2\/product"}],"about":[{"href":"https:\/\/automatic.ee\/en\/wp-json\/wp\/v2\/types\/product"}],"replies":[{"embeddable":true,"href":"https:\/\/automatic.ee\/en\/wp-json\/wp\/v2\/comments?post=110583"}],"wp:featuredmedia":[{"embeddable":true,"href":"https:\/\/automatic.ee\/en\/wp-json\/wp\/v2\/media\/110580"}],"wp:attachment":[{"href":"https:\/\/automatic.ee\/en\/wp-json\/wp\/v2\/media?parent=110583"}],"wp:term":[{"taxonomy":"product_brand","embeddable":true,"href":"https:\/\/automatic.ee\/en\/wp-json\/wp\/v2\/product_brand?post=110583"},{"taxonomy":"product_cat","embeddable":true,"href":"https:\/\/automatic.ee\/en\/wp-json\/wp\/v2\/product_cat?post=110583"},{"taxonomy":"product_tag","embeddable":true,"href":"https:\/\/automatic.ee\/en\/wp-json\/wp\/v2\/product_tag?post=110583"}],"curies":[{"name":"wp","href":"https:\/\/api.w.org\/{rel}","templated":true}]}}