{"id":110538,"date":"2025-11-04T05:43:17","date_gmt":"2025-11-04T03:43:17","guid":{"rendered":"https:\/\/automatic.ee\/toode\/keraam-poleerimispasta-500ml\/"},"modified":"2025-11-04T05:43:17","modified_gmt":"2025-11-04T03:43:17","slug":"keraam-poleerimispasta-500ml","status":"publish","type":"product","link":"https:\/\/automatic.ee\/en\/toode\/keraam-poleerimispasta-500ml\/","title":{"rendered":"KERAAM.POLEERIMISPASTA 500ML"},"content":{"rendered":"<p>Uuenduslik XTREME Ceramic Polish All-in-One poleerib, silub ja tihendab v\u00e4rvkatte vaid \u00fche sammuga. H\u00e4irivad kriimud ja matid eemaldatakse. Samal ajal kaetakse v\u00e4rv mustust h\u00fclgava kihiga. Si-Carbon tehnoloogia tagab sametiselt pehme pinna ja laseb v\u00e4rvipinnal s\u00e4rada p\u00fcsiva, peegeldava l\u00e4ikega. Kaitseb kuni 2 kuud ja j\u00e4tab vesihelme efekti. V\u00e4lja t\u00f6\u00f6tatud k\u00e4sitsi ja masinaga kasutamiseks.<\/p>\n<p><strong>Kasutamine:<\/strong> <\/p>\n<ol>\n<li>Peske auto puhtaks autopesulas v\u00f5i k\u00e4sitsi.<\/li>\n<li>T\u00f6\u00f6tle plast- ja kummiosad v\u00e4ljast XTREME plastikdetailide v\u00e4rskendusgeeliga <a href=\"https:\/\/www.autostuudio.ee\/autode-lisavarustus\/puhastusvahendid,-liimid,-teibid,-tehnilised-vedelikud\/plastikdetailide-v%C3%A4rkendusgeel-sonax-xtreme-250-ml-detail\" target=\"_blank\" rel=\"noopener noreferrer\">SO-210-141<\/a>. See v\u00e4ldib valgeid laike, mida v\u00f5ivad p\u00f5hjustada poleerimisj\u00e4\u00e4gid.<\/li>\n<li>Enne kasutamist loksutage pudelit.<\/li>\n<li>Kandke lakk v\u00e4rvipinnale P-Balli <a href=\"https:\/\/www.autostuudio.ee\/autode-lisavarustus\/puhastusvahendid,-liimid,-teibid,-tehnilised-vedelikud\/vahatussvamm-sonax-p-ball-detail\" target=\"_blank\" rel=\"noopener noreferrer\">SO-417-341<\/a> v\u00f5i pealekandmisk\u00e4snaga <a href=\"https:\/\/www.autostuudio.ee\/autode-lisavarustus\/puhastusvahendid,-liimid,-teibid,-tehnilised-vedelikud\/vahatamis-svamm-sonax-detail\" target=\"_blank\" rel=\"noopener noreferrer\">SO-417-300<\/a>, hajutage \u00fchtlaselt ja poleerige kohe keskmise survega. T\u00f6\u00f6delge \u00fchendatud komponente (nt kapott, katus) alati \u00fche toiminguga.<\/li>\n<li>Laske korraks kuivada, seej\u00e4rel eemaldage poleerimisj\u00e4\u00e4gid v\u00e4lisk\u00fcljel oleva mikrokiudlapiga SO-416-241. Masina kasutamiseks soovitame p\u00f6\u00f6rata keskmise vahtpadjaga.<\/li>\n<\/ol>\n<p>SONAX 247-200<\/p>\n","protected":false},"excerpt":{"rendered":"<p>247-200 SONAX<\/p>\n","protected":false},"featured_media":110535,"comment_status":"open","ping_status":"closed","template":"","meta":{"colormag_page_container_layout":"default_layout","colormag_page_sidebar_layout":"default_layout"},"product_brand":[],"product_cat":[108],"product_tag":[],"class_list":{"0":"post-110538","1":"product","2":"type-product","3":"status-publish","4":"has-post-thumbnail","6":"product_cat-misc","8":"first","9":"instock","10":"shipping-taxable","11":"purchasable","12":"product-type-simple"},"_links":{"self":[{"href":"https:\/\/automatic.ee\/en\/wp-json\/wp\/v2\/product\/110538","targetHints":{"allow":["GET"]}}],"collection":[{"href":"https:\/\/automatic.ee\/en\/wp-json\/wp\/v2\/product"}],"about":[{"href":"https:\/\/automatic.ee\/en\/wp-json\/wp\/v2\/types\/product"}],"replies":[{"embeddable":true,"href":"https:\/\/automatic.ee\/en\/wp-json\/wp\/v2\/comments?post=110538"}],"wp:featuredmedia":[{"embeddable":true,"href":"https:\/\/automatic.ee\/en\/wp-json\/wp\/v2\/media\/110535"}],"wp:attachment":[{"href":"https:\/\/automatic.ee\/en\/wp-json\/wp\/v2\/media?parent=110538"}],"wp:term":[{"taxonomy":"product_brand","embeddable":true,"href":"https:\/\/automatic.ee\/en\/wp-json\/wp\/v2\/product_brand?post=110538"},{"taxonomy":"product_cat","embeddable":true,"href":"https:\/\/automatic.ee\/en\/wp-json\/wp\/v2\/product_cat?post=110538"},{"taxonomy":"product_tag","embeddable":true,"href":"https:\/\/automatic.ee\/en\/wp-json\/wp\/v2\/product_tag?post=110538"}],"curies":[{"name":"wp","href":"https:\/\/api.w.org\/{rel}","templated":true}]}}