{"id":110279,"date":"2025-11-04T05:38:25","date_gmt":"2025-11-04T03:38:25","guid":{"rendered":"https:\/\/automatic.ee\/toode\/nahapuhastamise-vahend-250ml\/"},"modified":"2025-11-04T05:38:25","modified_gmt":"2025-11-04T03:38:25","slug":"nahapuhastamise-vahend-250ml","status":"publish","type":"product","link":"https:\/\/automatic.ee\/en\/toode\/nahapuhastamise-vahend-250ml\/","title":{"rendered":"NAHAPUHASTAMISE VAHEND 250ML"},"content":{"rendered":"<p>Puhastab t\u00f5husalt igasuguse sileda naha. T\u00f6\u00f6tab eriti kiiresti ja intensiivselt maksimaalse materjalikaitsega. Eemaldab teksadelt isegi t\u00f5rksamad plekid, nagu rasva- ja kulumisj\u00e4ljed, nahka koorimata v\u00f5i kahjustamata. Vahtaplikaatoriga eriti lihtsaks ja lihtsaks doseerimiseks. Sobib igat t\u00fc\u00fcpi siledale nahale, sh perforeeritud nahkpindadele ja soojendusega istmetele. Ei sobi aniliini, nubuki, seemisnaha ja seemisnaha jaoks. P\u00e4rast naha puhastamist SONAX PremiumClass Leather Cleaneriga soovitame t\u00f6\u00f6deldud pindade kaitsmiseks, konditsioneerimiseks ja tihendamiseks kasutada SONAX PremiumClass nahahoolduskreemi.<\/p>\n","protected":false},"excerpt":{"rendered":"<p>281-141 SONAX<\/p>\n","protected":false},"featured_media":110276,"comment_status":"open","ping_status":"closed","template":"","meta":{"colormag_page_container_layout":"default_layout","colormag_page_sidebar_layout":"default_layout"},"product_brand":[],"product_cat":[108],"product_tag":[],"class_list":{"0":"post-110279","1":"product","2":"type-product","3":"status-publish","4":"has-post-thumbnail","6":"product_cat-misc","8":"first","9":"instock","10":"shipping-taxable","11":"purchasable","12":"product-type-simple"},"_links":{"self":[{"href":"https:\/\/automatic.ee\/en\/wp-json\/wp\/v2\/product\/110279","targetHints":{"allow":["GET"]}}],"collection":[{"href":"https:\/\/automatic.ee\/en\/wp-json\/wp\/v2\/product"}],"about":[{"href":"https:\/\/automatic.ee\/en\/wp-json\/wp\/v2\/types\/product"}],"replies":[{"embeddable":true,"href":"https:\/\/automatic.ee\/en\/wp-json\/wp\/v2\/comments?post=110279"}],"wp:featuredmedia":[{"embeddable":true,"href":"https:\/\/automatic.ee\/en\/wp-json\/wp\/v2\/media\/110276"}],"wp:attachment":[{"href":"https:\/\/automatic.ee\/en\/wp-json\/wp\/v2\/media?parent=110279"}],"wp:term":[{"taxonomy":"product_brand","embeddable":true,"href":"https:\/\/automatic.ee\/en\/wp-json\/wp\/v2\/product_brand?post=110279"},{"taxonomy":"product_cat","embeddable":true,"href":"https:\/\/automatic.ee\/en\/wp-json\/wp\/v2\/product_cat?post=110279"},{"taxonomy":"product_tag","embeddable":true,"href":"https:\/\/automatic.ee\/en\/wp-json\/wp\/v2\/product_tag?post=110279"}],"curies":[{"name":"wp","href":"https:\/\/api.w.org\/{rel}","templated":true}]}}