{"id":110275,"date":"2025-11-04T05:38:22","date_gmt":"2025-11-04T03:38:22","guid":{"rendered":"https:\/\/automatic.ee\/toode\/nahakaitsevahend-1l\/"},"modified":"2025-11-04T05:38:22","modified_gmt":"2025-11-04T03:38:22","slug":"nahakaitsevahend-1l","status":"publish","type":"product","link":"https:\/\/automatic.ee\/en\/toode\/nahakaitsevahend-1l\/","title":{"rendered":"NAHAKAITSEVAHEND 1L"},"content":{"rendered":"<p>SONAX 282-300<\/p>\n<p><strong>Kasutamine:<\/strong> p\u00e4rast naha p\u00f5hjalikku puhastamist PROFILINE nahapuhastusvahendiga (SO-281-300), kandke kreem \u00fchtlaselt \u00f5hukeselt puhastamisest veel niiskele nahale kasutades Sonax \u00fcmarat sisepuhastuslappi (SO-417-200) ja h\u00f5\u00f5ruge sisse. Seej\u00e4rel laske kuivada.<\/p>\n<p><strong>T\u00e4helepanu: <\/strong>mitte kasutada aniliin- ja seemisnahal. Hooldage alati pind kogu ulatuses. Hoida k\u00fclmumise eest. Hoida lastele k\u00e4ttesaamatus kohas. Ohutuskaart n\u00f5udmisel k\u00e4ttesaadav.<\/p>\n","protected":false},"excerpt":{"rendered":"<p>282-300 SONAX<\/p>\n","protected":false},"featured_media":110272,"comment_status":"open","ping_status":"closed","template":"","meta":{"colormag_page_container_layout":"default_layout","colormag_page_sidebar_layout":"default_layout"},"product_brand":[],"product_cat":[108],"product_tag":[],"class_list":{"0":"post-110275","1":"product","2":"type-product","3":"status-publish","4":"has-post-thumbnail","6":"product_cat-misc","8":"first","9":"instock","10":"shipping-taxable","11":"purchasable","12":"product-type-simple"},"_links":{"self":[{"href":"https:\/\/automatic.ee\/en\/wp-json\/wp\/v2\/product\/110275","targetHints":{"allow":["GET"]}}],"collection":[{"href":"https:\/\/automatic.ee\/en\/wp-json\/wp\/v2\/product"}],"about":[{"href":"https:\/\/automatic.ee\/en\/wp-json\/wp\/v2\/types\/product"}],"replies":[{"embeddable":true,"href":"https:\/\/automatic.ee\/en\/wp-json\/wp\/v2\/comments?post=110275"}],"wp:featuredmedia":[{"embeddable":true,"href":"https:\/\/automatic.ee\/en\/wp-json\/wp\/v2\/media\/110272"}],"wp:attachment":[{"href":"https:\/\/automatic.ee\/en\/wp-json\/wp\/v2\/media?parent=110275"}],"wp:term":[{"taxonomy":"product_brand","embeddable":true,"href":"https:\/\/automatic.ee\/en\/wp-json\/wp\/v2\/product_brand?post=110275"},{"taxonomy":"product_cat","embeddable":true,"href":"https:\/\/automatic.ee\/en\/wp-json\/wp\/v2\/product_cat?post=110275"},{"taxonomy":"product_tag","embeddable":true,"href":"https:\/\/automatic.ee\/en\/wp-json\/wp\/v2\/product_tag?post=110275"}],"curies":[{"name":"wp","href":"https:\/\/api.w.org\/{rel}","templated":true}]}}