{"id":110147,"date":"2025-11-04T05:36:08","date_gmt":"2025-11-04T03:36:08","guid":{"rendered":"https:\/\/automatic.ee\/toode\/carnaubavaha-500ml\/"},"modified":"2025-11-04T05:36:08","modified_gmt":"2025-11-04T03:36:08","slug":"carnaubavaha-500ml","status":"publish","type":"product","link":"https:\/\/automatic.ee\/en\/toode\/carnaubavaha-500ml\/","title":{"rendered":"CARNAUBAVAHA 500ml"},"content":{"rendered":"<p>SONAX Carnauba Car Wax &#8211; Carnauba auto vaha, 500ml  ( 299200 , 02992000 )<\/p>\n<p>Puhas Carnaubavaha, mis annab suurep\u00e4rase l\u00e4ike ja veth\u00fclgava pinna. Kauakestev tulemus. Ei sisalda abrasiivseid aineid.<\/p>\n<p>Carnaubavaha uutele v\u00f5i poleeritud v\u00e4rvipindadele. Ei sisalda puhastavaid aineosakesi. Ehtne Carnaubavaha annab suurep\u00e4rase l\u00e4ike ja vetth\u00fclgava omaduse. Annab v\u00e4rvipindadele pikaajalise kaitse.<\/p>\n<p><strong>Kasutamine:<\/strong> peske auto SONAX \u0161ampooniga ja kuivatage hoolikalt pinnad. Kriimustunud ja oks\u00fcdeerunud v\u00e4rvipinnad tuleb esmalt poleerida. Raputage pudelit enne kasutamist ja kandke \u00f5huke kiht vaha v\u00e4rvipinnale SONAX vahatus-svammiga. T\u00f6\u00f6delge alati terve detail korraga, nt kapott. Laske vahal hetk kuivada ja poleerige SONAX mikrokiudlapiga. Sobib ka poleerimismasinaga pealekandmiseks.<\/p>\n<p><strong>T\u00e4helepanu:<\/strong> mitte kasutada kuumadel pindadel. Hoida k\u00fclmumise eest. Hoida lastele k\u00e4ttesaamatus kohas!<\/p>\n<p>SONAX 299-200<\/p>\n","protected":false},"excerpt":{"rendered":"<p>299-200 SONAX<\/p>\n","protected":false},"featured_media":110144,"comment_status":"open","ping_status":"closed","template":"","meta":{"colormag_page_container_layout":"default_layout","colormag_page_sidebar_layout":"default_layout"},"product_brand":[],"product_cat":[108],"product_tag":[],"class_list":{"0":"post-110147","1":"product","2":"type-product","3":"status-publish","4":"has-post-thumbnail","6":"product_cat-misc","8":"first","9":"instock","10":"shipping-taxable","11":"purchasable","12":"product-type-simple"},"_links":{"self":[{"href":"https:\/\/automatic.ee\/en\/wp-json\/wp\/v2\/product\/110147","targetHints":{"allow":["GET"]}}],"collection":[{"href":"https:\/\/automatic.ee\/en\/wp-json\/wp\/v2\/product"}],"about":[{"href":"https:\/\/automatic.ee\/en\/wp-json\/wp\/v2\/types\/product"}],"replies":[{"embeddable":true,"href":"https:\/\/automatic.ee\/en\/wp-json\/wp\/v2\/comments?post=110147"}],"wp:featuredmedia":[{"embeddable":true,"href":"https:\/\/automatic.ee\/en\/wp-json\/wp\/v2\/media\/110144"}],"wp:attachment":[{"href":"https:\/\/automatic.ee\/en\/wp-json\/wp\/v2\/media?parent=110147"}],"wp:term":[{"taxonomy":"product_brand","embeddable":true,"href":"https:\/\/automatic.ee\/en\/wp-json\/wp\/v2\/product_brand?post=110147"},{"taxonomy":"product_cat","embeddable":true,"href":"https:\/\/automatic.ee\/en\/wp-json\/wp\/v2\/product_cat?post=110147"},{"taxonomy":"product_tag","embeddable":true,"href":"https:\/\/automatic.ee\/en\/wp-json\/wp\/v2\/product_tag?post=110147"}],"curies":[{"name":"wp","href":"https:\/\/api.w.org\/{rel}","templated":true}]}}