{"id":109979,"date":"2025-11-04T05:21:15","date_gmt":"2025-11-04T03:21:15","guid":{"rendered":"https:\/\/automatic.ee\/toode\/lohnaeemaldussprei-%d1%81%d0%bf%d1%80%d0%b5%d0%b9-%d0%b4%d0%bb%d1%8f-%d1%83%d0%b4%d0%b0%d0%bb%d0%b5%d0%bd%d0%b8%d1%8f-%d0%b7%d0%b0%d0%bf%d0%b0%d1%85%d0%be%d0%b2-500ml\/"},"modified":"2025-11-04T05:21:15","modified_gmt":"2025-11-04T03:21:15","slug":"lohnaeemaldussprei-%d1%81%d0%bf%d1%80%d0%b5%d0%b9-%d0%b4%d0%bb%d1%8f-%d1%83%d0%b4%d0%b0%d0%bb%d0%b5%d0%bd%d0%b8%d1%8f-%d0%b7%d0%b0%d0%bf%d0%b0%d1%85%d0%be%d0%b2-500ml","status":"publish","type":"product","link":"https:\/\/automatic.ee\/en\/toode\/lohnaeemaldussprei-%d1%81%d0%bf%d1%80%d0%b5%d0%b9-%d0%b4%d0%bb%d1%8f-%d1%83%d0%b4%d0%b0%d0%bb%d0%b5%d0%bd%d0%b8%d1%8f-%d0%b7%d0%b0%d0%bf%d0%b0%d1%85%d0%be%d0%b2-500ml\/","title":{"rendered":"L\u00d5HNAEEMALDUSSPREI &#8211; \u0421\u041f\u0420\u0415\u0419 \u0414\u041b\u042f \u0423\u0414\u0410\u041b\u0415\u041d\u0418\u042f \u0417\u0410\u041f\u0410\u0425\u041e\u0412 500ML"},"content":{"rendered":"<p>Eemaldab higi- ja lemmikloomal\u00f5hnad, sigaretisuitsu ja muud ebameeldivad l\u00f5hnad.<\/p>\n<div>Toote eelised:<\/div>\n<div>Ebameeldivate l\u00f5hnade pikaajaline sidumine kangastele nagu vaibad, vaibad ja t\u00f6\u00f6riided, samuti autode salongides ja kontorites.<\/div>\n<div>L\u00f5hnad imenduvad igavesti<\/div>\n<div>Ei mingeid biotsiide<\/div>\n<div>Ohum\u00e4rgis puudub vastavalt CLP-le.<\/div>\n<div>Pehme, meeldiv aroom<\/div>\n<div>Silikooni- ja AOX-vaba<\/div>\n","protected":false},"excerpt":{"rendered":"<p>329175 BERNER<\/p>\n","protected":false},"featured_media":109976,"comment_status":"open","ping_status":"closed","template":"","meta":{"colormag_page_container_layout":"default_layout","colormag_page_sidebar_layout":"default_layout"},"product_brand":[],"product_cat":[108],"product_tag":[],"class_list":{"0":"post-109979","1":"product","2":"type-product","3":"status-publish","4":"has-post-thumbnail","6":"product_cat-misc","8":"first","9":"instock","10":"shipping-taxable","11":"purchasable","12":"product-type-simple"},"_links":{"self":[{"href":"https:\/\/automatic.ee\/en\/wp-json\/wp\/v2\/product\/109979","targetHints":{"allow":["GET"]}}],"collection":[{"href":"https:\/\/automatic.ee\/en\/wp-json\/wp\/v2\/product"}],"about":[{"href":"https:\/\/automatic.ee\/en\/wp-json\/wp\/v2\/types\/product"}],"replies":[{"embeddable":true,"href":"https:\/\/automatic.ee\/en\/wp-json\/wp\/v2\/comments?post=109979"}],"wp:featuredmedia":[{"embeddable":true,"href":"https:\/\/automatic.ee\/en\/wp-json\/wp\/v2\/media\/109976"}],"wp:attachment":[{"href":"https:\/\/automatic.ee\/en\/wp-json\/wp\/v2\/media?parent=109979"}],"wp:term":[{"taxonomy":"product_brand","embeddable":true,"href":"https:\/\/automatic.ee\/en\/wp-json\/wp\/v2\/product_brand?post=109979"},{"taxonomy":"product_cat","embeddable":true,"href":"https:\/\/automatic.ee\/en\/wp-json\/wp\/v2\/product_cat?post=109979"},{"taxonomy":"product_tag","embeddable":true,"href":"https:\/\/automatic.ee\/en\/wp-json\/wp\/v2\/product_tag?post=109979"}],"curies":[{"name":"wp","href":"https:\/\/api.w.org\/{rel}","templated":true}]}}