{"id":109974,"date":"2025-11-04T05:21:08","date_gmt":"2025-11-04T03:21:08","guid":{"rendered":"https:\/\/automatic.ee\/toode\/ukseliistud-ford-focus-iii-5d-2011\/"},"modified":"2025-11-04T05:21:08","modified_gmt":"2025-11-04T03:21:08","slug":"ukseliistud-ford-focus-iii-5d-2011","status":"publish","type":"product","link":"https:\/\/automatic.ee\/en\/toode\/ukseliistud-ford-focus-iii-5d-2011\/","title":{"rendered":"UKSELIISTUD &#8211; FORD Focus III 5D  2011 +"},"content":{"rendered":"<p>Roostevabast terasest kaitsvad uksekatted firmalt ALU FROST.<\/p>\n<div><\/div>\n<div>Need sobivad t\u00e4pselt Ford Focus III 5-ukselisele mudelile (12.2010 &#8211; 04.2018).<\/div>\n<div><\/div>\n<div>Roostevabast terasest k\u00fcljereelingud on teie s\u00f5idukile nii kaitsev kui ka disainilahendus. Sobib nii hiljuti ostetud autole kui ka vanemale autole, mille disaini soovime parandada v\u00f5i kaitsta ust m\u00f5lkide eest. Liistud on vastupidavad k\u00f5ikidele ilmastikutingimustele, sealhulgas vihmale, niiskusele ja ultraviolettkiirgusele. Nende paigaldamine on lihtne, saate teha ilma autoteenindusse k\u00fclastamata ja kui te ei soovi neid installida, installib teenus need probleemideta 30-40 minuti jooksul.<\/div>\n<div><\/div>\n<div>Kaitseliistud neelavad mehaanilisi kahjustusi, kaitsevad ukse k\u00fclge t\u00f6\u00f6tamise ajal kriimustuste eest ning m\u00e4ngivad ka esteetilist rolli, pakkudes kaasaegset disaini.<\/div>\n<div><\/div>\n<div>Tehnilised andmed:<\/div>\n<div><\/div>\n<div>valmistatud \u00fcllast roostevabast terasest<\/div>\n<div>ribad kaitsevad uksi vigastuste eest ja moodustavad huvitava autodisaini elemendi<\/div>\n<div>v\u00e4ga lihtne paigaldada, kasutades ribadesse kuuluvat kahepoolset kleeplinti<\/div>\n<div>laius 29 mm (pikkus oleneb antud auto mudelist &#8211; piki ukse pikkust)<\/div>\n<div>lamellide toon &#8211; lamellide keskosa on mati pinnaga (alumiiniumvari), lamellide servad on kroomitud (kroom on peegel, peegeldab esemeid)<\/div>\n","protected":false},"excerpt":{"rendered":"<p>33-4121 ALUFROST<\/p>\n","protected":false},"featured_media":109971,"comment_status":"open","ping_status":"closed","template":"","meta":{"colormag_page_container_layout":"default_layout","colormag_page_sidebar_layout":"default_layout"},"product_brand":[],"product_cat":[163,136],"product_tag":[],"class_list":{"0":"post-109974","1":"product","2":"type-product","3":"status-publish","4":"has-post-thumbnail","6":"product_cat-liist-tuning","7":"product_cat-lisavarustus","9":"first","10":"instock","11":"shipping-taxable","12":"purchasable","13":"product-type-simple"},"_links":{"self":[{"href":"https:\/\/automatic.ee\/en\/wp-json\/wp\/v2\/product\/109974","targetHints":{"allow":["GET"]}}],"collection":[{"href":"https:\/\/automatic.ee\/en\/wp-json\/wp\/v2\/product"}],"about":[{"href":"https:\/\/automatic.ee\/en\/wp-json\/wp\/v2\/types\/product"}],"replies":[{"embeddable":true,"href":"https:\/\/automatic.ee\/en\/wp-json\/wp\/v2\/comments?post=109974"}],"wp:featuredmedia":[{"embeddable":true,"href":"https:\/\/automatic.ee\/en\/wp-json\/wp\/v2\/media\/109971"}],"wp:attachment":[{"href":"https:\/\/automatic.ee\/en\/wp-json\/wp\/v2\/media?parent=109974"}],"wp:term":[{"taxonomy":"product_brand","embeddable":true,"href":"https:\/\/automatic.ee\/en\/wp-json\/wp\/v2\/product_brand?post=109974"},{"taxonomy":"product_cat","embeddable":true,"href":"https:\/\/automatic.ee\/en\/wp-json\/wp\/v2\/product_cat?post=109974"},{"taxonomy":"product_tag","embeddable":true,"href":"https:\/\/automatic.ee\/en\/wp-json\/wp\/v2\/product_tag?post=109974"}],"curies":[{"name":"wp","href":"https:\/\/api.w.org\/{rel}","templated":true}]}}