{"id":109966,"date":"2025-11-04T05:20:59","date_gmt":"2025-11-04T03:20:59","guid":{"rendered":"https:\/\/automatic.ee\/toode\/pigieemaldi-300ml-sonax\/"},"modified":"2025-11-04T05:20:59","modified_gmt":"2025-11-04T03:20:59","slug":"pigieemaldi-300ml-sonax","status":"publish","type":"product","link":"https:\/\/automatic.ee\/en\/toode\/pigieemaldi-300ml-sonax\/","title":{"rendered":"PIGIEEMALDI 300ml SONAX"},"content":{"rendered":"<p>SONAX 334-200<\/p>\n<p><strong>Kasutamine:<\/strong><\/p>\n<ul>\n<li>Pritsi SONAX pigi-t\u00f5rvaeemaldi mustusele ja j\u00e4ta ca 1 minutiks.<\/li>\n<li>P\u00fchkige j\u00e4\u00e4gid pehme lapiga \u00e4ra.<\/li>\n<li>T\u00f6\u00f6tle suuremaid pindu SONAX survepumbaga pihustiga <a href=\"https:\/\/www.autostuudio.ee\/autode-lisavarustus\/puhastusvahendid,-liimid,-teibid,-tehnilised-vedelikud\/pihustiga-t%C3%A4itepudel-1,5l-pumbaga-sonax-detail\" target=\"_blank\" rel=\"noopener noreferrer\">SO-496-900<\/a>, lahustikindel.<\/li>\n<\/ul>\n","protected":false},"excerpt":{"rendered":"<p>334-200 SONAX<\/p>\n","protected":false},"featured_media":109963,"comment_status":"open","ping_status":"closed","template":"","meta":{"colormag_page_container_layout":"default_layout","colormag_page_sidebar_layout":"default_layout"},"product_brand":[],"product_cat":[108],"product_tag":[],"class_list":{"0":"post-109966","1":"product","2":"type-product","3":"status-publish","4":"has-post-thumbnail","6":"product_cat-misc","8":"first","9":"instock","10":"shipping-taxable","11":"purchasable","12":"product-type-simple"},"_links":{"self":[{"href":"https:\/\/automatic.ee\/en\/wp-json\/wp\/v2\/product\/109966","targetHints":{"allow":["GET"]}}],"collection":[{"href":"https:\/\/automatic.ee\/en\/wp-json\/wp\/v2\/product"}],"about":[{"href":"https:\/\/automatic.ee\/en\/wp-json\/wp\/v2\/types\/product"}],"replies":[{"embeddable":true,"href":"https:\/\/automatic.ee\/en\/wp-json\/wp\/v2\/comments?post=109966"}],"wp:featuredmedia":[{"embeddable":true,"href":"https:\/\/automatic.ee\/en\/wp-json\/wp\/v2\/media\/109963"}],"wp:attachment":[{"href":"https:\/\/automatic.ee\/en\/wp-json\/wp\/v2\/media?parent=109966"}],"wp:term":[{"taxonomy":"product_brand","embeddable":true,"href":"https:\/\/automatic.ee\/en\/wp-json\/wp\/v2\/product_brand?post=109966"},{"taxonomy":"product_cat","embeddable":true,"href":"https:\/\/automatic.ee\/en\/wp-json\/wp\/v2\/product_cat?post=109966"},{"taxonomy":"product_tag","embeddable":true,"href":"https:\/\/automatic.ee\/en\/wp-json\/wp\/v2\/product_tag?post=109966"}],"curies":[{"name":"wp","href":"https:\/\/api.w.org\/{rel}","templated":true}]}}