{"id":109958,"date":"2025-11-04T05:20:52","date_gmt":"2025-11-04T03:20:52","guid":{"rendered":"https:\/\/automatic.ee\/toode\/1-2-dr-super-duty-impact-wrench-650-ft-lbs-881nm-king-tony\/"},"modified":"2025-11-04T05:20:52","modified_gmt":"2025-11-04T03:20:52","slug":"1-2-dr-super-duty-impact-wrench-650-ft-lbs-881nm-king-tony","status":"publish","type":"product","link":"https:\/\/automatic.ee\/en\/toode\/1-2-dr-super-duty-impact-wrench-650-ft-lbs-881nm-king-tony\/","title":{"rendered":"1\/2 DR.SUPER DUTY IMPACT WRENCH 650 FT\/LBS (881Nm) &#8211; KING TONY"},"content":{"rendered":"<ul>\n<li>Alumiiniumisulamist korpus<\/li>\n<li>Muutuva kiirusega p\u00e4\u00e4stik<\/li>\n<li>\u00d5hur\u00f5hk: 6,2 bar (90 PSI)<\/li>\n<li>K\u00e4epidemel summutatud heitgaas<\/li>\n<li>\u00d5huvoolik: 3\/8 &#8220;sisel\u00e4bim\u00f5\u00f5t<\/li>\n<\/ul>\n<p>KING TONY<\/p>\n<p>33411-050-P<\/p>\n","protected":false},"excerpt":{"rendered":"<p>33411-050-P<\/p>\n","protected":false},"featured_media":109955,"comment_status":"open","ping_status":"closed","template":"","meta":{"colormag_page_container_layout":"default_layout","colormag_page_sidebar_layout":"default_layout"},"product_brand":[],"product_cat":[145,116,139,142],"product_tag":[],"class_list":{"0":"post-109958","1":"product","2":"type-product","3":"status-publish","4":"has-post-thumbnail","6":"product_cat-1-2-tooriistad-komplektid","7":"product_cat-kasitooriist","8":"product_cat-pneumaatilised-tooriistad","9":"product_cat-tooriistad","11":"first","12":"instock","13":"shipping-taxable","14":"purchasable","15":"product-type-simple"},"_links":{"self":[{"href":"https:\/\/automatic.ee\/en\/wp-json\/wp\/v2\/product\/109958","targetHints":{"allow":["GET"]}}],"collection":[{"href":"https:\/\/automatic.ee\/en\/wp-json\/wp\/v2\/product"}],"about":[{"href":"https:\/\/automatic.ee\/en\/wp-json\/wp\/v2\/types\/product"}],"replies":[{"embeddable":true,"href":"https:\/\/automatic.ee\/en\/wp-json\/wp\/v2\/comments?post=109958"}],"wp:featuredmedia":[{"embeddable":true,"href":"https:\/\/automatic.ee\/en\/wp-json\/wp\/v2\/media\/109955"}],"wp:attachment":[{"href":"https:\/\/automatic.ee\/en\/wp-json\/wp\/v2\/media?parent=109958"}],"wp:term":[{"taxonomy":"product_brand","embeddable":true,"href":"https:\/\/automatic.ee\/en\/wp-json\/wp\/v2\/product_brand?post=109958"},{"taxonomy":"product_cat","embeddable":true,"href":"https:\/\/automatic.ee\/en\/wp-json\/wp\/v2\/product_cat?post=109958"},{"taxonomy":"product_tag","embeddable":true,"href":"https:\/\/automatic.ee\/en\/wp-json\/wp\/v2\/product_tag?post=109958"}],"curies":[{"name":"wp","href":"https:\/\/api.w.org\/{rel}","templated":true}]}}