{"id":109797,"date":"2025-11-04T05:11:07","date_gmt":"2025-11-04T03:11:07","guid":{"rendered":"https:\/\/automatic.ee\/toode\/diislikutuse-antigeel-1l\/"},"modified":"2025-11-04T05:11:07","modified_gmt":"2025-11-04T03:11:07","slug":"diislikutuse-antigeel-1l","status":"publish","type":"product","link":"https:\/\/automatic.ee\/en\/toode\/diislikutuse-antigeel-1l\/","title":{"rendered":"DIISLIK\u00dcTUSE ANTIGEEL 1L"},"content":{"rendered":"<p>Kasutusvaldkonnad:<\/p>\n<div>K\u00f5igile madalatel temperatuuridel t\u00f6\u00f6tavatele diiselmootoritele.<\/div>\n<div>Toote eelised:<\/div>\n<div>Tagab diiselmootori t\u00f6\u00f6 ka k\u00f5ige madalamatel temperatuuridel.<\/div>\n<div>Hoiab \u00e4ra kristalliseerumise ja parandab k\u00fclmavoolu.<\/div>\n<div>Hoiab \u00e4ra filtrite, k\u00fctusetorude, pihustite jms ummistumise.<\/div>\n<div>Pakub funktsioone, eriti k\u00e4ivitusprotsessi ajal.<\/div>\n<div>V\u00e4hendab k\u00fclmumistemperatuuri 11 \u00b0C (olenevalt diislik\u00fctusest v\u00e4heneb jahutusvedeliku lisandiga diislik\u00fctuse k\u00fclmumistemperatuur, nt -20 \u00b0C kuni -31 \u00b0C)<\/div>\n","protected":false},"excerpt":{"rendered":"<p>369785 BERNER<\/p>\n","protected":false},"featured_media":109794,"comment_status":"open","ping_status":"closed","template":"","meta":{"colormag_page_container_layout":"default_layout","colormag_page_sidebar_layout":"default_layout"},"product_brand":[],"product_cat":[108],"product_tag":[],"class_list":{"0":"post-109797","1":"product","2":"type-product","3":"status-publish","4":"has-post-thumbnail","6":"product_cat-misc","8":"first","9":"instock","10":"shipping-taxable","11":"purchasable","12":"product-type-simple"},"_links":{"self":[{"href":"https:\/\/automatic.ee\/en\/wp-json\/wp\/v2\/product\/109797","targetHints":{"allow":["GET"]}}],"collection":[{"href":"https:\/\/automatic.ee\/en\/wp-json\/wp\/v2\/product"}],"about":[{"href":"https:\/\/automatic.ee\/en\/wp-json\/wp\/v2\/types\/product"}],"replies":[{"embeddable":true,"href":"https:\/\/automatic.ee\/en\/wp-json\/wp\/v2\/comments?post=109797"}],"wp:featuredmedia":[{"embeddable":true,"href":"https:\/\/automatic.ee\/en\/wp-json\/wp\/v2\/media\/109794"}],"wp:attachment":[{"href":"https:\/\/automatic.ee\/en\/wp-json\/wp\/v2\/media?parent=109797"}],"wp:term":[{"taxonomy":"product_brand","embeddable":true,"href":"https:\/\/automatic.ee\/en\/wp-json\/wp\/v2\/product_brand?post=109797"},{"taxonomy":"product_cat","embeddable":true,"href":"https:\/\/automatic.ee\/en\/wp-json\/wp\/v2\/product_cat?post=109797"},{"taxonomy":"product_tag","embeddable":true,"href":"https:\/\/automatic.ee\/en\/wp-json\/wp\/v2\/product_tag?post=109797"}],"curies":[{"name":"wp","href":"https:\/\/api.w.org\/{rel}","templated":true}]}}