{"id":109785,"date":"2025-11-04T05:10:53","date_gmt":"2025-11-04T03:10:53","guid":{"rendered":"https:\/\/automatic.ee\/toode\/kaabli-maardeaine-aerosool-400ml\/"},"modified":"2025-11-04T05:10:53","modified_gmt":"2025-11-04T03:10:53","slug":"kaabli-maardeaine-aerosool-400ml","status":"publish","type":"product","link":"https:\/\/automatic.ee\/en\/toode\/kaabli-maardeaine-aerosool-400ml\/","title":{"rendered":"KAABLI M\u00c4\u00c4RDEAINE AEROSOOL 400ML"},"content":{"rendered":"<p>Kaablite ja juhtmete lihtne paigaldamine kastidesse ja kanalitesse<\/p>\n<div>V\u00e4hendab h\u00f5\u00f5rdumist, muutes kaabli eemaldamise sujuvamaks, ohutumaks ja kiiremaks.<\/div>\n<div>Toode p\u00fcsib juhtmete sees pikka aega, muutes edaspidi lisakaablite paigaldamise lihtsamaks.<\/div>\n<div>Silikoonisegu tagab parema m\u00e4\u00e4rimise ka p\u00e4rast kuivamist.<\/div>\n<div>Kohaldatav ka vertikaalselt<\/div>\n<div>Vahu hea nake aeglustab oluliselt rasva kadu.<\/div>\n<div>Kaitseb kaableid ja juhtmeid kahjustuste eest<\/div>\n<div>M\u00e4\u00e4rdeaine hoiab \u00e4ra kaablite purunemise, rebenemise v\u00f5i muljumise.<\/div>\n<div>Silikoonisisaldus v\u00e4hendab kummi- ja plastosade l\u00f5henemist.<\/div>\n<div>Ei s\u00f6\u00f6vita dielektrikuid ja plastikut.<\/div>\n<div>Lihtne ja puhas rakendus<\/div>\n<div>Kasutamine \u00f5hu- v\u00f5i \u00f5hukanalites ilma k\u00e4si m\u00e4\u00e4rimata<\/div>\n<div>Stabiilne vaht p\u00fcsib paigal ka vertikaalsetes kanalites.<\/div>\n<div>See m\u00e4\u00e4rib ka p\u00e4rast kuivamist ja on mittenakkuv.<\/div>\n","protected":false},"excerpt":{"rendered":"<p>370412 BERNER<\/p>\n","protected":false},"featured_media":109782,"comment_status":"open","ping_status":"closed","template":"","meta":{"colormag_page_container_layout":"default_layout","colormag_page_sidebar_layout":"default_layout"},"product_brand":[],"product_cat":[108],"product_tag":[],"class_list":{"0":"post-109785","1":"product","2":"type-product","3":"status-publish","4":"has-post-thumbnail","6":"product_cat-misc","8":"first","9":"instock","10":"shipping-taxable","11":"purchasable","12":"product-type-simple"},"_links":{"self":[{"href":"https:\/\/automatic.ee\/en\/wp-json\/wp\/v2\/product\/109785","targetHints":{"allow":["GET"]}}],"collection":[{"href":"https:\/\/automatic.ee\/en\/wp-json\/wp\/v2\/product"}],"about":[{"href":"https:\/\/automatic.ee\/en\/wp-json\/wp\/v2\/types\/product"}],"replies":[{"embeddable":true,"href":"https:\/\/automatic.ee\/en\/wp-json\/wp\/v2\/comments?post=109785"}],"wp:featuredmedia":[{"embeddable":true,"href":"https:\/\/automatic.ee\/en\/wp-json\/wp\/v2\/media\/109782"}],"wp:attachment":[{"href":"https:\/\/automatic.ee\/en\/wp-json\/wp\/v2\/media?parent=109785"}],"wp:term":[{"taxonomy":"product_brand","embeddable":true,"href":"https:\/\/automatic.ee\/en\/wp-json\/wp\/v2\/product_brand?post=109785"},{"taxonomy":"product_cat","embeddable":true,"href":"https:\/\/automatic.ee\/en\/wp-json\/wp\/v2\/product_cat?post=109785"},{"taxonomy":"product_tag","embeddable":true,"href":"https:\/\/automatic.ee\/en\/wp-json\/wp\/v2\/product_tag?post=109785"}],"curies":[{"name":"wp","href":"https:\/\/api.w.org\/{rel}","templated":true}]}}