{"id":109781,"date":"2025-11-04T05:10:47","date_gmt":"2025-11-04T03:10:47","guid":{"rendered":"https:\/\/automatic.ee\/toode\/1-4-otsaga-ohk-mutrivoti-30-ft-lbs-king-tony\/"},"modified":"2025-11-04T05:10:47","modified_gmt":"2025-11-04T03:10:47","slug":"1-4-otsaga-ohk-mutrivoti-30-ft-lbs-king-tony","status":"publish","type":"product","link":"https:\/\/automatic.ee\/en\/toode\/1-4-otsaga-ohk-mutrivoti-30-ft-lbs-king-tony\/","title":{"rendered":"1\/4 OTSAGA \u00d5HK MUTRIV\u00d5TI 30 FT\/LBS &#8211; KING TONY"},"content":{"rendered":"<ul>\n<li>Pneumaatiline kruviv\u00f5tmega 1\/4&#8243;<\/li>\n<li>Tolmuvaba p\u00f5rkmehhanismi korpus kaitseb mustuse ja muude esemete eest.<\/li>\n<li>\u00dcldine spetsifikatsioon<\/li>\n<li>Std. Poldi suurus: 1\/4 tolli \/ M6<\/li>\n<li>Kogupikkus: 8-1 \/ 16 &#8220;(205mm)<\/li>\n<li>\u00d5huvoolik: 3\/8 &#8220;sisel\u00e4bim\u00f5\u00f5t<\/li>\n<li>\u00d5hur\u00f5hk: 6,2 baari (90 psi)<\/li>\n<\/ul>\n","protected":false},"excerpt":{"rendered":"<p>37221-030<\/p>\n","protected":false},"featured_media":109778,"comment_status":"open","ping_status":"closed","template":"","meta":{"colormag_page_container_layout":"default_layout","colormag_page_sidebar_layout":"default_layout"},"product_brand":[],"product_cat":[147,116,139,142],"product_tag":[],"class_list":{"0":"post-109781","1":"product","2":"type-product","3":"status-publish","4":"has-post-thumbnail","6":"product_cat-1-4-tooriistad-komplektid","7":"product_cat-kasitooriist","8":"product_cat-pneumaatilised-tooriistad","9":"product_cat-tooriistad","11":"first","12":"instock","13":"shipping-taxable","14":"purchasable","15":"product-type-simple"},"_links":{"self":[{"href":"https:\/\/automatic.ee\/en\/wp-json\/wp\/v2\/product\/109781","targetHints":{"allow":["GET"]}}],"collection":[{"href":"https:\/\/automatic.ee\/en\/wp-json\/wp\/v2\/product"}],"about":[{"href":"https:\/\/automatic.ee\/en\/wp-json\/wp\/v2\/types\/product"}],"replies":[{"embeddable":true,"href":"https:\/\/automatic.ee\/en\/wp-json\/wp\/v2\/comments?post=109781"}],"wp:featuredmedia":[{"embeddable":true,"href":"https:\/\/automatic.ee\/en\/wp-json\/wp\/v2\/media\/109778"}],"wp:attachment":[{"href":"https:\/\/automatic.ee\/en\/wp-json\/wp\/v2\/media?parent=109781"}],"wp:term":[{"taxonomy":"product_brand","embeddable":true,"href":"https:\/\/automatic.ee\/en\/wp-json\/wp\/v2\/product_brand?post=109781"},{"taxonomy":"product_cat","embeddable":true,"href":"https:\/\/automatic.ee\/en\/wp-json\/wp\/v2\/product_cat?post=109781"},{"taxonomy":"product_tag","embeddable":true,"href":"https:\/\/automatic.ee\/en\/wp-json\/wp\/v2\/product_tag?post=109781"}],"curies":[{"name":"wp","href":"https:\/\/api.w.org\/{rel}","templated":true}]}}