{"id":109645,"date":"2025-11-04T05:08:14","date_gmt":"2025-11-04T03:08:14","guid":{"rendered":"https:\/\/automatic.ee\/toode\/pidurisilindri-sunteetiline-pasta-180g\/"},"modified":"2025-11-04T05:08:14","modified_gmt":"2025-11-04T03:08:14","slug":"pidurisilindri-sunteetiline-pasta-180g","status":"publish","type":"product","link":"https:\/\/automatic.ee\/en\/toode\/pidurisilindri-sunteetiline-pasta-180g\/","title":{"rendered":"PIDURISILINDRI S\u00dcNTEETILINE PASTA 180G"},"content":{"rendered":"<p>Piduri- ja roolikomponentide, nagu juhtpuksid, juhtpoldid, pidurisadulad, piduriv\u00f5imendid, siduris\u00fcsteemid, painduvad teljelaagrid v\u00f5i roolisamba tihendid mootoriruumis, m\u00e4\u00e4rimine.<\/p>\n<div><\/div>\n<div>Suure koormusega veere- ja liuglaagrite, samuti v\u00e4ikeste hammasrataste m\u00e4\u00e4rimine.<\/div>\n<div><\/div>\n<div>Ideaalne segatud materjalidega kontaktpindade m\u00e4\u00e4rimiseks, nagu n\u00e4iteks: B. metall\/plast v\u00f5i metall\/kumm O-r\u00f5ngaste v\u00f5i tihendite kokkupanemisel.<\/div>\n<div><\/div>\n<div>Toote eelised:<\/div>\n<div>T\u00e4iuslik esitus<\/div>\n<div>Sisaldab PTFE-d<\/div>\n<div>Minimeerib usaldusv\u00e4\u00e4rselt h\u00f5\u00f5rdumist ja kulumist<\/div>\n<div>K\u00f5rge stabiilsus<\/div>\n<div>Kummist detaile on lihtne paigaldada metallpindadele.<\/div>\n<div>Lai valik \u00fchilduvust<\/div>\n<div>Vastupidav mineraal\u00f5lidele. \u00c4rge peske nendega kokkupuutel v\u00e4lja.<\/div>\n<div>\u00dchildub DOT3, DOT4 ja DOT5.1 pidurivedelikega.<\/div>\n<div>V\u00e4ga hea \u00fchilduvus plastide ja elastomeeridega.<\/div>\n<div>Rakenduse k\u00f5rgeim turvalisus<\/div>\n<div>Lai temperatuurivahemik<\/div>\n<div>Vastupidav oks\u00fcdatsioonile ja vananemisele<\/div>\n<div>Hea kulumiskaitse<\/div>\n","protected":false},"excerpt":{"rendered":"<p>399315 BERNER<\/p>\n","protected":false},"featured_media":109642,"comment_status":"open","ping_status":"closed","template":"","meta":{"colormag_page_container_layout":"default_layout","colormag_page_sidebar_layout":"default_layout"},"product_brand":[],"product_cat":[108],"product_tag":[],"class_list":{"0":"post-109645","1":"product","2":"type-product","3":"status-publish","4":"has-post-thumbnail","6":"product_cat-misc","8":"first","9":"instock","10":"shipping-taxable","11":"purchasable","12":"product-type-simple"},"_links":{"self":[{"href":"https:\/\/automatic.ee\/en\/wp-json\/wp\/v2\/product\/109645","targetHints":{"allow":["GET"]}}],"collection":[{"href":"https:\/\/automatic.ee\/en\/wp-json\/wp\/v2\/product"}],"about":[{"href":"https:\/\/automatic.ee\/en\/wp-json\/wp\/v2\/types\/product"}],"replies":[{"embeddable":true,"href":"https:\/\/automatic.ee\/en\/wp-json\/wp\/v2\/comments?post=109645"}],"wp:featuredmedia":[{"embeddable":true,"href":"https:\/\/automatic.ee\/en\/wp-json\/wp\/v2\/media\/109642"}],"wp:attachment":[{"href":"https:\/\/automatic.ee\/en\/wp-json\/wp\/v2\/media?parent=109645"}],"wp:term":[{"taxonomy":"product_brand","embeddable":true,"href":"https:\/\/automatic.ee\/en\/wp-json\/wp\/v2\/product_brand?post=109645"},{"taxonomy":"product_cat","embeddable":true,"href":"https:\/\/automatic.ee\/en\/wp-json\/wp\/v2\/product_cat?post=109645"},{"taxonomy":"product_tag","embeddable":true,"href":"https:\/\/automatic.ee\/en\/wp-json\/wp\/v2\/product_tag?post=109645"}],"curies":[{"name":"wp","href":"https:\/\/api.w.org\/{rel}","templated":true}]}}