{"id":109617,"date":"2025-11-04T05:07:54","date_gmt":"2025-11-04T03:07:54","guid":{"rendered":"https:\/\/automatic.ee\/toode\/stangekaitseliist-vw-caddy-iii-2015-2\/"},"modified":"2025-11-04T05:07:54","modified_gmt":"2025-11-04T03:07:54","slug":"stangekaitseliist-vw-caddy-iii-2015-2","status":"publish","type":"product","link":"https:\/\/automatic.ee\/en\/toode\/stangekaitseliist-vw-caddy-iii-2015-2\/","title":{"rendered":"STANGEKAITSELIIST VW Caddy III  2015-"},"content":{"rendered":"<p>Alu Frosti roostevabast terasest kaitseriba tagumise p\u00f5rkeraua \u00fclemise serva jaoks.<\/p>\n<div><\/div>\n<div>Praktiline riba, mis kaitseb kaitserauda h\u00f5\u00f5rdumise eest asjade peale- ja mahalaadimisel pagasiruumist. See praktiline lisavarustus annab autole ka luksusliku v\u00e4limuse, riba on tehases v\u00e4ga kaunilt t\u00f6\u00f6deldud ning kokkupanek toimub tootes sisalduva kahepoolse teibi liimimisega. Kasutades laadimishuule katet, s\u00e4ilitate oma s\u00f5iduki kaitseraua ja s\u00e4\u00e4state seel\u00e4bi v\u00f5imalike tulevaste remondit\u00f6\u00f6de arvelt.<\/div>\n<div><\/div>\n<div>See viimistlus sobib t\u00e4pselt Volkswagen Caddy IV (05\/2015 &#8211; 2020) autodele.<\/div>\n<div><\/div>\n<div>Tehnilised andmed:<\/div>\n<div><\/div>\n<div>kroomviimistlusega roostevaba teras (\u00fclemisele osale on liimitud spetsiaalsest vaigust valmistatud dekoratiivelemendid)<\/div>\n<div>hoiab \u00e4ra kaitseraua \u00fclemise serva kahjustamise<\/div>\n<div>katab ka pakiruumi serva (odavamad mudelid katavad ainult kaitseraua \u00fclaosa, serv on k\u00f5ige vastuv\u00f5tlikum vigastustele)<\/div>\n<div>See on ilus auto disainielement<\/div>\n<div>v\u00e4ga kvaliteetne tehases valmistatud<\/div>\n<div>v\u00e4ga lihtne kokkupanek liimimise teel (kaasas kahepoolne teip)<\/div>\n","protected":false},"excerpt":{"rendered":"<p>40-5541 ALUFROST<\/p>\n","protected":false},"featured_media":109614,"comment_status":"open","ping_status":"closed","template":"","meta":{"colormag_page_container_layout":"default_layout","colormag_page_sidebar_layout":"default_layout"},"product_brand":[],"product_cat":[163,136],"product_tag":[],"class_list":{"0":"post-109617","1":"product","2":"type-product","3":"status-publish","4":"has-post-thumbnail","6":"product_cat-liist-tuning","7":"product_cat-lisavarustus","9":"first","10":"instock","11":"shipping-taxable","12":"purchasable","13":"product-type-simple"},"_links":{"self":[{"href":"https:\/\/automatic.ee\/en\/wp-json\/wp\/v2\/product\/109617","targetHints":{"allow":["GET"]}}],"collection":[{"href":"https:\/\/automatic.ee\/en\/wp-json\/wp\/v2\/product"}],"about":[{"href":"https:\/\/automatic.ee\/en\/wp-json\/wp\/v2\/types\/product"}],"replies":[{"embeddable":true,"href":"https:\/\/automatic.ee\/en\/wp-json\/wp\/v2\/comments?post=109617"}],"wp:featuredmedia":[{"embeddable":true,"href":"https:\/\/automatic.ee\/en\/wp-json\/wp\/v2\/media\/109614"}],"wp:attachment":[{"href":"https:\/\/automatic.ee\/en\/wp-json\/wp\/v2\/media?parent=109617"}],"wp:term":[{"taxonomy":"product_brand","embeddable":true,"href":"https:\/\/automatic.ee\/en\/wp-json\/wp\/v2\/product_brand?post=109617"},{"taxonomy":"product_cat","embeddable":true,"href":"https:\/\/automatic.ee\/en\/wp-json\/wp\/v2\/product_cat?post=109617"},{"taxonomy":"product_tag","embeddable":true,"href":"https:\/\/automatic.ee\/en\/wp-json\/wp\/v2\/product_tag?post=109617"}],"curies":[{"name":"wp","href":"https:\/\/api.w.org\/{rel}","templated":true}]}}