{"id":109549,"date":"2025-11-04T05:06:25","date_gmt":"2025-11-04T03:06:25","guid":{"rendered":"https:\/\/automatic.ee\/toode\/esitulede-taastamise-komplekt\/"},"modified":"2025-11-04T05:06:25","modified_gmt":"2025-11-04T03:06:25","slug":"esitulede-taastamise-komplekt","status":"publish","type":"product","link":"https:\/\/automatic.ee\/en\/toode\/esitulede-taastamise-komplekt\/","title":{"rendered":"ESITULEDE TAASTAMISE KOMPLEKT"},"content":{"rendered":"<p>SONAX 405-941<\/p>\n<p>SONAX Headlight refresher kit &#8211; Esitulede l\u00e4ike taastamise komplekt<\/p>\n<p>Taastab pleekinud ja matistunud plastik-klaasidega esitulede l\u00e4ike.<br \/>Kahe-etapiline lihtne ja kiire t\u00f6\u00f6tlemine paneb pleekinud ja matistunud pinnad s\u00e4rama. Eemaldab v\u00e4iksed kriimud ja kaitseb uuesti matistumise eest. T\u00f6\u00f6tlemine taastab tuleklaaside algse l\u00e4bipaistvuse. Lisaks ilusamale l\u00e4ikivale v\u00e4limusele paraneb n\u00e4htavus ja liiklemine muutub turvalisemaks. Pakendist j\u00e4tkub kaks korda kahe tule t\u00f6\u00f6tlemiseks.<\/p>\n<p><strong>Kasutamine:<\/strong> peske pinnad enne t\u00f6\u00f6tlemist SONAX \u0161ampooniga ja katke \u00fcmbritsevate pindade servad hoolikalt kinni.<\/p>\n<p><strong>LIHVIMINE<\/strong> (see etapp on vajadusest l\u00e4htuv)<\/p>\n<p>Niisutage ultrapeenike P5000 liivapaber veega ja lihvige tuleklaasid v\u00e4ikse survega ringikujulise liikumisega (joonis 1). J\u00e4tkake lihvimist kuni matistunud pind on l\u00e4ikivaks saanud. Pind peab olema m\u00e4rg kogu t\u00f6\u00f6tlemise aja. L\u00f5petuseks eemaldage aine j\u00e4\u00e4gid kaasasoleva poleerimislapiga.<\/p>\n<p><strong>POLEERIMINE<\/strong> (1 POLISH)<br \/>Pange v\u00e4ike kogus SONAX Headlight Polish poleerimisainet pealekandmis-svammi valgele poolele (joonis 2) ja poleerige pinda keskmise survega kuni on saavutatud soovitud l\u00e4ikeaste (joonis 3). Lisage vajadusel poleerimisainet. Et kontrollida, kas on saavutatud soovitus l\u00e4ikeaste v\u00f5i poleerimise l\u00f5petamisel p\u00fchkige pinnad puhtaks kaasasoleva poleerimislapiga (joonis 4).<\/p>\n<p><strong>KAITSEKATMINE<\/strong> (2 PROTECT)<\/p>\n<p>V\u00f5tke kasutusvalmis SONAX Headlight Sealant kaitsekatmislapid pakendist v\u00e4lja ja h\u00f5\u00f5ruge nendega t\u00f6\u00f6deldavaid pindu (joonis 5). J\u00e4tke pinnad niiskeks ja laske tuleklaasidel kuivada u 30 minutit. \u00c4rge katsuge pindu kuivamise ajal. \u00dchest lapist j\u00e4tkub kahe tule t\u00f6\u00f6tlemiseks.<\/p>\n","protected":false},"excerpt":{"rendered":"<p>405-941 SONAX<\/p>\n","protected":false},"featured_media":109546,"comment_status":"open","ping_status":"closed","template":"","meta":{"colormag_page_container_layout":"default_layout","colormag_page_sidebar_layout":"default_layout"},"product_brand":[],"product_cat":[108],"product_tag":[],"class_list":{"0":"post-109549","1":"product","2":"type-product","3":"status-publish","4":"has-post-thumbnail","6":"product_cat-misc","8":"first","9":"instock","10":"shipping-taxable","11":"purchasable","12":"product-type-simple"},"_links":{"self":[{"href":"https:\/\/automatic.ee\/en\/wp-json\/wp\/v2\/product\/109549","targetHints":{"allow":["GET"]}}],"collection":[{"href":"https:\/\/automatic.ee\/en\/wp-json\/wp\/v2\/product"}],"about":[{"href":"https:\/\/automatic.ee\/en\/wp-json\/wp\/v2\/types\/product"}],"replies":[{"embeddable":true,"href":"https:\/\/automatic.ee\/en\/wp-json\/wp\/v2\/comments?post=109549"}],"wp:featuredmedia":[{"embeddable":true,"href":"https:\/\/automatic.ee\/en\/wp-json\/wp\/v2\/media\/109546"}],"wp:attachment":[{"href":"https:\/\/automatic.ee\/en\/wp-json\/wp\/v2\/media?parent=109549"}],"wp:term":[{"taxonomy":"product_brand","embeddable":true,"href":"https:\/\/automatic.ee\/en\/wp-json\/wp\/v2\/product_brand?post=109549"},{"taxonomy":"product_cat","embeddable":true,"href":"https:\/\/automatic.ee\/en\/wp-json\/wp\/v2\/product_cat?post=109549"},{"taxonomy":"product_tag","embeddable":true,"href":"https:\/\/automatic.ee\/en\/wp-json\/wp\/v2\/product_tag?post=109549"}],"curies":[{"name":"wp","href":"https:\/\/api.w.org\/{rel}","templated":true}]}}