{"id":109397,"date":"2025-11-04T05:03:28","date_gmt":"2025-11-04T03:03:28","guid":{"rendered":"https:\/\/automatic.ee\/toode\/grafiidist-rooste-eemaldus-aerosool-400ml\/"},"modified":"2025-11-04T05:03:28","modified_gmt":"2025-11-04T03:03:28","slug":"grafiidist-rooste-eemaldus-aerosool-400ml","status":"publish","type":"product","link":"https:\/\/automatic.ee\/en\/toode\/grafiidist-rooste-eemaldus-aerosool-400ml\/","title":{"rendered":"GRAFIIDIST ROOSTE EEMALDUS AEROSOOL 400ml"},"content":{"rendered":"<p>Berneri grafiiti l\u00e4bitungiv m\u00e4\u00e4rdeaine Grafiitlisandid Sobib elektrikontaktidele Kasutusalad Vabastage korrodeerunud ja kinnikiilunud liitekohad ja keermestatud \u00fchendused ning m\u00e4\u00e4rige samaaegselt Toote eelised Rooste kiire l\u00e4bitungimine t\u00e4nu headele roomeomadustele Puudub kinnikiilumine kruvide, mutrite ja poltide l\u00f5dvestamisel v\u00f5i pingutamisel grafiidi t\u00f5ttu lisandid V\u00e4hendab h\u00f5\u00f5rdumist ja kulumist Hoiab \u00e4ra ja k\u00f5rvaldab kriuksumist Kaitseb ja hooldab metallosi t\u00e4nu suurep\u00e4rasele veev\u00e4ljasurvele Silikoon, happevaba, ei kummu Elektrit juhtiv<\/p>\n","protected":false},"excerpt":{"rendered":"<p>415732 BERNER<\/p>\n","protected":false},"featured_media":109394,"comment_status":"open","ping_status":"closed","template":"","meta":{"colormag_page_container_layout":"default_layout","colormag_page_sidebar_layout":"default_layout"},"product_brand":[],"product_cat":[108],"product_tag":[],"class_list":{"0":"post-109397","1":"product","2":"type-product","3":"status-publish","4":"has-post-thumbnail","6":"product_cat-misc","8":"first","9":"instock","10":"shipping-taxable","11":"purchasable","12":"product-type-simple"},"_links":{"self":[{"href":"https:\/\/automatic.ee\/en\/wp-json\/wp\/v2\/product\/109397","targetHints":{"allow":["GET"]}}],"collection":[{"href":"https:\/\/automatic.ee\/en\/wp-json\/wp\/v2\/product"}],"about":[{"href":"https:\/\/automatic.ee\/en\/wp-json\/wp\/v2\/types\/product"}],"replies":[{"embeddable":true,"href":"https:\/\/automatic.ee\/en\/wp-json\/wp\/v2\/comments?post=109397"}],"wp:featuredmedia":[{"embeddable":true,"href":"https:\/\/automatic.ee\/en\/wp-json\/wp\/v2\/media\/109394"}],"wp:attachment":[{"href":"https:\/\/automatic.ee\/en\/wp-json\/wp\/v2\/media?parent=109397"}],"wp:term":[{"taxonomy":"product_brand","embeddable":true,"href":"https:\/\/automatic.ee\/en\/wp-json\/wp\/v2\/product_brand?post=109397"},{"taxonomy":"product_cat","embeddable":true,"href":"https:\/\/automatic.ee\/en\/wp-json\/wp\/v2\/product_cat?post=109397"},{"taxonomy":"product_tag","embeddable":true,"href":"https:\/\/automatic.ee\/en\/wp-json\/wp\/v2\/product_tag?post=109397"}],"curies":[{"name":"wp","href":"https:\/\/api.w.org\/{rel}","templated":true}]}}