{"id":109289,"date":"2025-11-04T05:01:23","date_gmt":"2025-11-04T03:01:23","guid":{"rendered":"https:\/\/automatic.ee\/toode\/poleerimis-ja-puhastuslapp-40x40mm-sonax\/"},"modified":"2025-11-04T05:01:23","modified_gmt":"2025-11-04T03:01:23","slug":"poleerimis-ja-puhastuslapp-40x40mm-sonax","status":"publish","type":"product","link":"https:\/\/automatic.ee\/en\/toode\/poleerimis-ja-puhastuslapp-40x40mm-sonax\/","title":{"rendered":"Poleerimis ja puhastuslapp 40x40mm SONAX"},"content":{"rendered":"<p>SONAX 425-200<\/p>\n<p>Sobib paljudele pindadele nt v\u00e4liste v\u00e4rvipindade poleerimiseks, interj\u00f6\u00f6ri tekstiil-, nahk- ja plastikpindade puhastamiseks (mitte klaaside). Pehme mikrokiud annab l\u00e4ike j\u00e4tmata kriime ja triipe.<\/p>\n","protected":false},"excerpt":{"rendered":"<p>425-200 SONAX<\/p>\n","protected":false},"featured_media":109286,"comment_status":"open","ping_status":"closed","template":"","meta":{"colormag_page_container_layout":"default_layout","colormag_page_sidebar_layout":"default_layout"},"product_brand":[],"product_cat":[108],"product_tag":[],"class_list":{"0":"post-109289","1":"product","2":"type-product","3":"status-publish","4":"has-post-thumbnail","6":"product_cat-misc","8":"first","9":"instock","10":"shipping-taxable","11":"purchasable","12":"product-type-simple"},"_links":{"self":[{"href":"https:\/\/automatic.ee\/en\/wp-json\/wp\/v2\/product\/109289","targetHints":{"allow":["GET"]}}],"collection":[{"href":"https:\/\/automatic.ee\/en\/wp-json\/wp\/v2\/product"}],"about":[{"href":"https:\/\/automatic.ee\/en\/wp-json\/wp\/v2\/types\/product"}],"replies":[{"embeddable":true,"href":"https:\/\/automatic.ee\/en\/wp-json\/wp\/v2\/comments?post=109289"}],"wp:featuredmedia":[{"embeddable":true,"href":"https:\/\/automatic.ee\/en\/wp-json\/wp\/v2\/media\/109286"}],"wp:attachment":[{"href":"https:\/\/automatic.ee\/en\/wp-json\/wp\/v2\/media?parent=109289"}],"wp:term":[{"taxonomy":"product_brand","embeddable":true,"href":"https:\/\/automatic.ee\/en\/wp-json\/wp\/v2\/product_brand?post=109289"},{"taxonomy":"product_cat","embeddable":true,"href":"https:\/\/automatic.ee\/en\/wp-json\/wp\/v2\/product_cat?post=109289"},{"taxonomy":"product_tag","embeddable":true,"href":"https:\/\/automatic.ee\/en\/wp-json\/wp\/v2\/product_tag?post=109289"}],"curies":[{"name":"wp","href":"https:\/\/api.w.org\/{rel}","templated":true}]}}