{"id":108853,"date":"2025-11-04T04:53:08","date_gmt":"2025-11-04T02:53:08","guid":{"rendered":"https:\/\/automatic.ee\/toode\/stangekaitseliist-opel-zafira-b-2005\/"},"modified":"2025-11-04T04:53:08","modified_gmt":"2025-11-04T02:53:08","slug":"stangekaitseliist-opel-zafira-b-2005","status":"publish","type":"product","link":"https:\/\/automatic.ee\/en\/toode\/stangekaitseliist-opel-zafira-b-2005\/","title":{"rendered":"STANGEKAITSELIIST OPEL ZAFIRA B 2005-"},"content":{"rendered":"<p>Roostevabast terasest kaitseriba kaitseraua \u00fclemise serva jaoks firmalt ALU-FROST.<\/p>\n<div><\/div>\n<div>Praktiline riba, mis kaitseb kaitserauda h\u00f5\u00f5rdumise eest asjade peale- ja mahalaadimisel pagasiruumist. See praktiline lisavarustus annab autole ka luksusliku v\u00e4limuse, riba on tehases v\u00e4ga kaunilt t\u00f6\u00f6deldud ning kokkupanek toimub tootes sisalduva kahepoolse teibi liimimisega. Kasutades laadimishuule katet, s\u00e4ilitate oma s\u00f5iduki kaitseraua ja s\u00e4\u00e4state seel\u00e4bi v\u00f5imalike tulevaste remondit\u00f6\u00f6de arvelt.<\/div>\n<div><\/div>\n<div>Roostevabast terasest kaitseraud sobib ideaalselt Opel Zafira B \/ Zafira Family (04.2005 &#8211; 12.2014) jaoks.<\/div>\n<div><\/div>\n<div>Tehnilised andmed:<\/div>\n<div><\/div>\n<div>valmistatud kvaliteetsest roostevabast terasest<\/div>\n<div>hoiab \u00e4ra kaitseraua \u00fclemise serva kahjustamise ostu laadimisel<\/div>\n<div>v\u00e4lisserv paindub \u00fcle kaitseraua serva<\/div>\n<div>See on ilus auto disainielement<\/div>\n<div>v\u00e4ga lihtne paigaldamine, kasutades ribas sisalduvat kahepoolset kleeplinti<\/div>\n<div>v\u00e4rvikujundus nagu fotodokumentatsioonis<\/div>\n<div> <\/div>\n<div><\/div>\n<div>N\u00f5uanded kokkupanekuks:<\/div>\n<div><\/div>\n<div>1. Paigaldage liist temperatuuril \u00fcle 20\u00b0C (kui te ei saa nendes tingimustes liimi liimida, soovitame kasutada f\u00f6\u00f6ni, et p\u00f5rkeraua ja liist veidi soojendada)<\/div>\n<div><\/div>\n<div>2. Kandke riba alati puhtale ja rasvavabale pinnale.<\/div>\n<div><\/div>\n<div>3. Enne lati paigaldamist asetage see mustusele ja kontrollige, kas see sobib teie kaitserauaga.<\/div>\n<div><\/div>\n<div>4. Enne liimimist m\u00e4rgi vasak ja parem serv nii, et riba j\u00e4\u00e4ks t\u00e4pselt keskele (m\u00e4rgistamist saab teha paberist maalriteibiga, mis p\u00e4rast mahakoorumist j\u00e4lgi ei j\u00e4ta)<\/div>\n<div><\/div>\n<div>5. P\u00e4rast sisestamist min. \u00c4rge s\u00f5itke 10 tundi ega j\u00e4tke baari vett.<\/div>\n","protected":false},"excerpt":{"rendered":"<p>50-3472 ALUFROST<\/p>\n","protected":false},"featured_media":108850,"comment_status":"open","ping_status":"closed","template":"","meta":{"colormag_page_container_layout":"default_layout","colormag_page_sidebar_layout":"default_layout"},"product_brand":[],"product_cat":[163,136],"product_tag":[],"class_list":{"0":"post-108853","1":"product","2":"type-product","3":"status-publish","4":"has-post-thumbnail","6":"product_cat-liist-tuning","7":"product_cat-lisavarustus","9":"first","10":"instock","11":"shipping-taxable","12":"purchasable","13":"product-type-simple"},"_links":{"self":[{"href":"https:\/\/automatic.ee\/en\/wp-json\/wp\/v2\/product\/108853","targetHints":{"allow":["GET"]}}],"collection":[{"href":"https:\/\/automatic.ee\/en\/wp-json\/wp\/v2\/product"}],"about":[{"href":"https:\/\/automatic.ee\/en\/wp-json\/wp\/v2\/types\/product"}],"replies":[{"embeddable":true,"href":"https:\/\/automatic.ee\/en\/wp-json\/wp\/v2\/comments?post=108853"}],"wp:featuredmedia":[{"embeddable":true,"href":"https:\/\/automatic.ee\/en\/wp-json\/wp\/v2\/media\/108850"}],"wp:attachment":[{"href":"https:\/\/automatic.ee\/en\/wp-json\/wp\/v2\/media?parent=108853"}],"wp:term":[{"taxonomy":"product_brand","embeddable":true,"href":"https:\/\/automatic.ee\/en\/wp-json\/wp\/v2\/product_brand?post=108853"},{"taxonomy":"product_cat","embeddable":true,"href":"https:\/\/automatic.ee\/en\/wp-json\/wp\/v2\/product_cat?post=108853"},{"taxonomy":"product_tag","embeddable":true,"href":"https:\/\/automatic.ee\/en\/wp-json\/wp\/v2\/product_tag?post=108853"}],"curies":[{"name":"wp","href":"https:\/\/api.w.org\/{rel}","templated":true}]}}