{"id":108789,"date":"2025-11-04T04:51:54","date_gmt":"2025-11-04T02:51:54","guid":{"rendered":"https:\/\/automatic.ee\/toode\/kutuselisand-bensiinimootorile-sissepritse-ja-karburaatori-puhastusaine-250ml\/"},"modified":"2025-11-04T04:51:54","modified_gmt":"2025-11-04T02:51:54","slug":"kutuselisand-bensiinimootorile-sissepritse-ja-karburaatori-puhastusaine-250ml","status":"publish","type":"product","link":"https:\/\/automatic.ee\/en\/toode\/kutuselisand-bensiinimootorile-sissepritse-ja-karburaatori-puhastusaine-250ml\/","title":{"rendered":"K\u00dcTUSELISAND BENSIINIMOOTORILE. SISSEPRITSE JA KARBURAATORI PUHASTUSAINE 250ML"},"content":{"rendered":"<p>SONAX K\u00fctuselisand (bensiin). Sissepritse- ja karburaatoripuhastus, 250ml<\/p>\n<p>Innovatiivne koostis puhastab kogu k\u00fctuses\u00fcsteemi. M\u00e4\u00e4rib ja kaitseb korrosiooni eest. Parandab t\u00e4pset k\u00fctuse sissepritsimist ja t\u00e4ielikku p\u00f5lemist. Ohutu k\u00f5igile k\u00fctuses\u00fcteemi komponentidele. Ei kahjusta k\u00fctuses\u00fcsteemi plastist ja elastomeerist osasid. Sobib k\u00f5ikidele bensiinit\u00fc\u00fcpidele.<\/p>\n<p><strong>Omadused:<\/strong><\/p>\n<ul>\n<li>Parandab mootori k\u00e4ivitumist, \u00fchtlustab t\u00fchik\u00e4iku, parandab kiirendust ja lisab j\u00f5udu.<\/li>\n<li>Eemaldab sissepritses\u00fcsteemist, karburaatorist, klappidelt, s\u00fc\u00fctek\u00fc\u00fcnaldelt ja p\u00f5lemiskambrist mustuse.<\/li>\n<li>V\u00e4hendab heitgaaside hulka.<\/li>\n<li>Regulaarne kasutamine hoiab k\u00fctuses\u00fcsteemi puhtana.<\/li>\n<li>Sobib k\u00f5igile bensiinimootoritele ning bensiinit\u00fc\u00fcpidele.<\/li>\n<li>M\u00e4\u00e4rib k\u00fctuse- ja sissepritsepumpa ning d\u00fc\u00fcse.<\/li>\n<li>Eemaldab rooste ning niiskuse.<\/li>\n<li>Soovitatav kasutada umbes iga 5000 km tagant.<\/li>\n<li>Valada enne tankimist k\u00fctusepaaki.<\/li>\n<li>Pudeli sisu on arvestatud segamiseks umbes 50L bensiiniga.<\/li>\n<\/ul>\n","protected":false},"excerpt":{"rendered":"<p>519-100 SONAX<\/p>\n","protected":false},"featured_media":108786,"comment_status":"open","ping_status":"closed","template":"","meta":{"colormag_page_container_layout":"default_layout","colormag_page_sidebar_layout":"default_layout"},"product_brand":[],"product_cat":[108],"product_tag":[],"class_list":{"0":"post-108789","1":"product","2":"type-product","3":"status-publish","4":"has-post-thumbnail","6":"product_cat-misc","8":"first","9":"instock","10":"shipping-taxable","11":"purchasable","12":"product-type-simple"},"_links":{"self":[{"href":"https:\/\/automatic.ee\/en\/wp-json\/wp\/v2\/product\/108789","targetHints":{"allow":["GET"]}}],"collection":[{"href":"https:\/\/automatic.ee\/en\/wp-json\/wp\/v2\/product"}],"about":[{"href":"https:\/\/automatic.ee\/en\/wp-json\/wp\/v2\/types\/product"}],"replies":[{"embeddable":true,"href":"https:\/\/automatic.ee\/en\/wp-json\/wp\/v2\/comments?post=108789"}],"wp:featuredmedia":[{"embeddable":true,"href":"https:\/\/automatic.ee\/en\/wp-json\/wp\/v2\/media\/108786"}],"wp:attachment":[{"href":"https:\/\/automatic.ee\/en\/wp-json\/wp\/v2\/media?parent=108789"}],"wp:term":[{"taxonomy":"product_brand","embeddable":true,"href":"https:\/\/automatic.ee\/en\/wp-json\/wp\/v2\/product_brand?post=108789"},{"taxonomy":"product_cat","embeddable":true,"href":"https:\/\/automatic.ee\/en\/wp-json\/wp\/v2\/product_cat?post=108789"},{"taxonomy":"product_tag","embeddable":true,"href":"https:\/\/automatic.ee\/en\/wp-json\/wp\/v2\/product_tag?post=108789"}],"curies":[{"name":"wp","href":"https:\/\/api.w.org\/{rel}","templated":true}]}}