{"id":108777,"date":"2025-11-04T04:51:38","date_gmt":"2025-11-04T02:51:38","guid":{"rendered":"https:\/\/automatic.ee\/toode\/univers-puhastus-aerosool-500ml\/"},"modified":"2025-11-04T04:51:38","modified_gmt":"2025-11-04T02:51:38","slug":"univers-puhastus-aerosool-500ml","status":"publish","type":"product","link":"https:\/\/automatic.ee\/en\/toode\/univers-puhastus-aerosool-500ml\/","title":{"rendered":"UNIVERS.PUHASTUS  AEROSOOL 500ML"},"content":{"rendered":"<p>Paigaldus- ja hoolduspuhastusvahend remondiks ja hoolduseks<\/p>\n<div>Toote eelised<\/div>\n<div><\/div>\n<div>Eemaldab kergesti t\u00f5rksa mustuse, piduri- ja siduritolmu, t\u00f5rva, \u00f5li, rasva ja mustuse j\u00e4\u00e4gid.<\/div>\n<div>Ventileerib kiiresti, j\u00e4tmata j\u00e4\u00e4ke<\/div>\n<div>Ei sisalda tuleohtlikke propellentgaase (aerosoole).<\/div>\n<div>Testitud PTB Physikalisch-Technische Bundesanstalt poolt Braunschweigis<\/div>\n<div>Testitud plahvatus- ja tuletundlikkust<\/div>\n<div>Vastab NMBG soovitustele<\/div>\n<div>Kasutusohutus t\u00e4nu suurenenud puhastusefektiivsusele<\/div>\n<div>AOX ja aromaatsete s\u00fcsivesinike vaba, silikoonivaba, atsetoonivaba, v\u00e4rvitu<\/div>\n<div>T\u00f6\u00f6tlemisjuhised<\/div>\n<div><\/div>\n<div>\u00c4rge pihustage kuumadele pindadele, plastikule, kummile ega poleeritud pindadele.<\/div>\n<div>Enne kasutamist pihustage sobivuse kontrollimiseks aladele, mis pole selgelt n\u00e4htavad.<\/div>\n","protected":false},"excerpt":{"rendered":"<p>52683 BERNER<\/p>\n","protected":false},"featured_media":108774,"comment_status":"open","ping_status":"closed","template":"","meta":{"colormag_page_container_layout":"default_layout","colormag_page_sidebar_layout":"default_layout"},"product_brand":[],"product_cat":[108],"product_tag":[],"class_list":{"0":"post-108777","1":"product","2":"type-product","3":"status-publish","4":"has-post-thumbnail","6":"product_cat-misc","8":"first","9":"instock","10":"shipping-taxable","11":"purchasable","12":"product-type-simple"},"_links":{"self":[{"href":"https:\/\/automatic.ee\/en\/wp-json\/wp\/v2\/product\/108777","targetHints":{"allow":["GET"]}}],"collection":[{"href":"https:\/\/automatic.ee\/en\/wp-json\/wp\/v2\/product"}],"about":[{"href":"https:\/\/automatic.ee\/en\/wp-json\/wp\/v2\/types\/product"}],"replies":[{"embeddable":true,"href":"https:\/\/automatic.ee\/en\/wp-json\/wp\/v2\/comments?post=108777"}],"wp:featuredmedia":[{"embeddable":true,"href":"https:\/\/automatic.ee\/en\/wp-json\/wp\/v2\/media\/108774"}],"wp:attachment":[{"href":"https:\/\/automatic.ee\/en\/wp-json\/wp\/v2\/media?parent=108777"}],"wp:term":[{"taxonomy":"product_brand","embeddable":true,"href":"https:\/\/automatic.ee\/en\/wp-json\/wp\/v2\/product_brand?post=108777"},{"taxonomy":"product_cat","embeddable":true,"href":"https:\/\/automatic.ee\/en\/wp-json\/wp\/v2\/product_cat?post=108777"},{"taxonomy":"product_tag","embeddable":true,"href":"https:\/\/automatic.ee\/en\/wp-json\/wp\/v2\/product_tag?post=108777"}],"curies":[{"name":"wp","href":"https:\/\/api.w.org\/{rel}","templated":true}]}}