{"id":108749,"date":"2025-11-04T04:51:09","date_gmt":"2025-11-04T02:51:09","guid":{"rendered":"https:\/\/automatic.ee\/toode\/tihendi-eemaldaja-aerosool-400ml\/"},"modified":"2025-11-04T04:51:09","modified_gmt":"2025-11-04T02:51:09","slug":"tihendi-eemaldaja-aerosool-400ml","status":"publish","type":"product","link":"https:\/\/automatic.ee\/en\/toode\/tihendi-eemaldaja-aerosool-400ml\/","title":{"rendered":"TIHENDI EEMALDAJA  AEROSOOL 400ml"},"content":{"rendered":"<p>Kasutusalad Eemaldab liimid, hermeetikud, v\u00e4rvid ja lakid Ei kahjusta metalle, klaasi, puitu, keraamikat ja pol\u00fcet\u00fcleeni Eelised Ei soovita kasutada erinevatel plastpindadel, linoleumil ja s\u00fcnteetilistel kangastel. Silikoonivaba Nenotec, kleepub iseseisvalt vertikaalsetel pindadel Eemaldab p\u00f5lenud tihendid, k\u00f5venenud tihendid, s\u00fcsinikuj\u00e4\u00e4gid, t\u00f5rva ja k\u00f5venenud \u00f5li. Eemaldab lakid ja v\u00e4rvid nagu kunstvaigud ja nitrolakid, \u00f5lid ja dispersioonv\u00e4rvid. S\u00e4\u00e4stab aega \u2013 kiire tegevus Ettevaatust \u2013 lahustab v\u00e4rvid ja lakid! Mitte kasutada auto keredetailidelt kleebiste eemaldamiseks! Kasutus-\/kasutusjuhend Loksutada aerosooli enne kasutamist Hoidke aerosooli p\u00fcsti ja pihustage u. 25-30 cm \u00fcksteisest. J\u00e4tke 5-10 minutiks, seej\u00e4rel puhastage kellu v\u00f5i kaabitsaga. Vajadusel korrake protseduuri P\u00e4rast kasutamist keerake pihusti alla ja pihustage u. 5 sek<\/p>\n","protected":false},"excerpt":{"rendered":"<p>53970 BERNER<\/p>\n","protected":false},"featured_media":108746,"comment_status":"open","ping_status":"closed","template":"","meta":{"colormag_page_container_layout":"default_layout","colormag_page_sidebar_layout":"default_layout"},"product_brand":[],"product_cat":[108],"product_tag":[],"class_list":{"0":"post-108749","1":"product","2":"type-product","3":"status-publish","4":"has-post-thumbnail","6":"product_cat-misc","8":"first","9":"instock","10":"shipping-taxable","11":"purchasable","12":"product-type-simple"},"_links":{"self":[{"href":"https:\/\/automatic.ee\/en\/wp-json\/wp\/v2\/product\/108749","targetHints":{"allow":["GET"]}}],"collection":[{"href":"https:\/\/automatic.ee\/en\/wp-json\/wp\/v2\/product"}],"about":[{"href":"https:\/\/automatic.ee\/en\/wp-json\/wp\/v2\/types\/product"}],"replies":[{"embeddable":true,"href":"https:\/\/automatic.ee\/en\/wp-json\/wp\/v2\/comments?post=108749"}],"wp:featuredmedia":[{"embeddable":true,"href":"https:\/\/automatic.ee\/en\/wp-json\/wp\/v2\/media\/108746"}],"wp:attachment":[{"href":"https:\/\/automatic.ee\/en\/wp-json\/wp\/v2\/media?parent=108749"}],"wp:term":[{"taxonomy":"product_brand","embeddable":true,"href":"https:\/\/automatic.ee\/en\/wp-json\/wp\/v2\/product_brand?post=108749"},{"taxonomy":"product_cat","embeddable":true,"href":"https:\/\/automatic.ee\/en\/wp-json\/wp\/v2\/product_cat?post=108749"},{"taxonomy":"product_tag","embeddable":true,"href":"https:\/\/automatic.ee\/en\/wp-json\/wp\/v2\/product_tag?post=108749"}],"curies":[{"name":"wp","href":"https:\/\/api.w.org\/{rel}","templated":true}]}}