{"id":108685,"date":"2025-11-04T04:49:54","date_gmt":"2025-11-04T02:49:54","guid":{"rendered":"https:\/\/automatic.ee\/toode\/summuti-remondikomplekt-200g\/"},"modified":"2025-11-04T04:49:54","modified_gmt":"2025-11-04T02:49:54","slug":"summuti-remondikomplekt-200g","status":"publish","type":"product","link":"https:\/\/automatic.ee\/en\/toode\/summuti-remondikomplekt-200g\/","title":{"rendered":"Summuti remondikomplekt 200g"},"content":{"rendered":"<p>Heitgaasis\u00fcsteemi remondikomplekt<\/p>\n<div><\/div>\n<div>Komplekt koosneb summutiparanduspastast ja spetsiaalsest v\u00f5rkklaaskiudrullist (100&#215;6 cm), mis talub k\u00f5rgeid temperatuure.<\/div>\n<div><\/div>\n<div>Tihendab v\u00e4ljalaskes\u00fcsteemi suured praod, augud ja lekked pikaks ajaks, kiiresti ja gaasikindlalt. Ei sisalda asbesti ja talub k\u00f5rgeid temperatuure.<\/div>\n<div><\/div>\n<div>Rakendus:<\/div>\n<div><\/div>\n<div>Eemaldage parandatavalt pinnalt mustus ja rooste, seej\u00e4rel tehke see veega m\u00e4rjaks. Kandke parandatud pinnale tihenduspasta ja m\u00e4ssige parandatav koht tihedalt klaaskiudteibiga. P\u00e4rast seda kandke peale teine kiht tihenduspastat. Vajadusel korrake protseduuri. K\u00e4ivitage mootor 5 minutit, et hermeetik k\u00f5veneb.<\/div>\n","protected":false},"excerpt":{"rendered":"<p>553-141 SONAX<\/p>\n","protected":false},"featured_media":108682,"comment_status":"open","ping_status":"closed","template":"","meta":{"colormag_page_container_layout":"default_layout","colormag_page_sidebar_layout":"default_layout"},"product_brand":[],"product_cat":[108],"product_tag":[],"class_list":{"0":"post-108685","1":"product","2":"type-product","3":"status-publish","4":"has-post-thumbnail","6":"product_cat-misc","8":"first","9":"instock","10":"shipping-taxable","11":"purchasable","12":"product-type-simple"},"_links":{"self":[{"href":"https:\/\/automatic.ee\/en\/wp-json\/wp\/v2\/product\/108685","targetHints":{"allow":["GET"]}}],"collection":[{"href":"https:\/\/automatic.ee\/en\/wp-json\/wp\/v2\/product"}],"about":[{"href":"https:\/\/automatic.ee\/en\/wp-json\/wp\/v2\/types\/product"}],"replies":[{"embeddable":true,"href":"https:\/\/automatic.ee\/en\/wp-json\/wp\/v2\/comments?post=108685"}],"wp:featuredmedia":[{"embeddable":true,"href":"https:\/\/automatic.ee\/en\/wp-json\/wp\/v2\/media\/108682"}],"wp:attachment":[{"href":"https:\/\/automatic.ee\/en\/wp-json\/wp\/v2\/media?parent=108685"}],"wp:term":[{"taxonomy":"product_brand","embeddable":true,"href":"https:\/\/automatic.ee\/en\/wp-json\/wp\/v2\/product_brand?post=108685"},{"taxonomy":"product_cat","embeddable":true,"href":"https:\/\/automatic.ee\/en\/wp-json\/wp\/v2\/product_cat?post=108685"},{"taxonomy":"product_tag","embeddable":true,"href":"https:\/\/automatic.ee\/en\/wp-json\/wp\/v2\/product_tag?post=108685"}],"curies":[{"name":"wp","href":"https:\/\/api.w.org\/{rel}","templated":true}]}}