{"id":108585,"date":"2025-11-04T04:48:18","date_gmt":"2025-11-04T02:48:18","guid":{"rendered":"https:\/\/automatic.ee\/toode\/esiklaaside-jaasulataja-aerosool-%d1%81%d0%bf%d1%80%d0%b5%d0%b9-%d0%be%d1%87%d0%b8%d1%81%d1%82%d0%ba%d0%b8-%d1%81%d1%82%d0%b5%d0%ba%d0%bb%d0%b0-400ml\/"},"modified":"2025-11-04T04:48:18","modified_gmt":"2025-11-04T02:48:18","slug":"esiklaaside-jaasulataja-aerosool-%d1%81%d0%bf%d1%80%d0%b5%d0%b9-%d0%be%d1%87%d0%b8%d1%81%d1%82%d0%ba%d0%b8-%d1%81%d1%82%d0%b5%d0%ba%d0%bb%d0%b0-400ml","status":"publish","type":"product","link":"https:\/\/automatic.ee\/en\/toode\/esiklaaside-jaasulataja-aerosool-%d1%81%d0%bf%d1%80%d0%b5%d0%b9-%d0%be%d1%87%d0%b8%d1%81%d1%82%d0%ba%d0%b8-%d1%81%d1%82%d0%b5%d0%ba%d0%bb%d0%b0-400ml\/","title":{"rendered":"ESIKLAASIDE J\u00c4\u00c4SULATAJA AEROSOOL &#8211; \u0421\u041f\u0420\u0415\u0419 \u041e\u0427\u0418\u0421\u0422\u041a\u0418 \u0421\u0422\u0415\u041a\u041b\u0410 400ml"},"content":{"rendered":"<p>Eemaldab kiiresti h\u00e4rmatise ja j\u00e4\u00e4 tuuleklaasilt<\/p>\n<div>&#8211; Ei kahjusta v\u00e4rvi, kummi ja plastikut<\/div>\n<div>&#8211; Hoiab \u00e4ra uue j\u00e4\u00e4 tekkimise kuivale tuuleklaasile<\/div>\n<div><\/div>\n<div>Tehnilised omadused<\/div>\n<div>&#8211; Keemiline alus: alkoholilahus<\/div>\n<div>&#8211; Tihedus: 0,8 g\/ml<\/div>\n<div>&#8211; V\u00e4rvus: L\u00e4bipaistev<\/div>\n<div>&#8211; Maitse: iseloomulik<\/div>\n","protected":false},"excerpt":{"rendered":"<p>591920 BERNER<\/p>\n","protected":false},"featured_media":108582,"comment_status":"open","ping_status":"closed","template":"","meta":{"colormag_page_container_layout":"default_layout","colormag_page_sidebar_layout":"default_layout"},"product_brand":[],"product_cat":[108],"product_tag":[],"class_list":{"0":"post-108585","1":"product","2":"type-product","3":"status-publish","4":"has-post-thumbnail","6":"product_cat-misc","8":"first","9":"instock","10":"shipping-taxable","11":"purchasable","12":"product-type-simple"},"_links":{"self":[{"href":"https:\/\/automatic.ee\/en\/wp-json\/wp\/v2\/product\/108585","targetHints":{"allow":["GET"]}}],"collection":[{"href":"https:\/\/automatic.ee\/en\/wp-json\/wp\/v2\/product"}],"about":[{"href":"https:\/\/automatic.ee\/en\/wp-json\/wp\/v2\/types\/product"}],"replies":[{"embeddable":true,"href":"https:\/\/automatic.ee\/en\/wp-json\/wp\/v2\/comments?post=108585"}],"wp:featuredmedia":[{"embeddable":true,"href":"https:\/\/automatic.ee\/en\/wp-json\/wp\/v2\/media\/108582"}],"wp:attachment":[{"href":"https:\/\/automatic.ee\/en\/wp-json\/wp\/v2\/media?parent=108585"}],"wp:term":[{"taxonomy":"product_brand","embeddable":true,"href":"https:\/\/automatic.ee\/en\/wp-json\/wp\/v2\/product_brand?post=108585"},{"taxonomy":"product_cat","embeddable":true,"href":"https:\/\/automatic.ee\/en\/wp-json\/wp\/v2\/product_cat?post=108585"},{"taxonomy":"product_tag","embeddable":true,"href":"https:\/\/automatic.ee\/en\/wp-json\/wp\/v2\/product_tag?post=108585"}],"curies":[{"name":"wp","href":"https:\/\/api.w.org\/{rel}","templated":true}]}}