{"id":108437,"date":"2025-11-04T04:45:41","date_gmt":"2025-11-04T02:45:41","guid":{"rendered":"https:\/\/automatic.ee\/toode\/hl-easy-h3-6000k-osram\/"},"modified":"2025-11-04T04:45:41","modified_gmt":"2025-11-04T02:45:41","slug":"hl-easy-h3-6000k-osram","status":"publish","type":"product","link":"https:\/\/automatic.ee\/en\/toode\/hl-easy-h3-6000k-osram\/","title":{"rendered":"HL Easy H3  6000K OSRAM"},"content":{"rendered":"<h4>H\u00f5\u00f5gpirn, Kaugtuli LEDriving\u00ae HL EASY LED 12V 8W 64151DWESY-HCB<\/h4>\n<table class=\"attr_param_desc ecwid-description-table\">\n<tbody>\n<tr>\n<td>Lambit\u00fc\u00fcp<\/td>\n<td>LED<\/td>\n<\/tr>\n<tr>\n<td>Pinge<\/td>\n<td>12V<\/td>\n<\/tr>\n<tr>\n<td>Nimiv\u00f5imsus<\/td>\n<td>8W<\/td>\n<\/tr>\n<tr>\n<td>Sokli t\u00fc\u00fcp, h\u00f5\u00f5glamp<\/td>\n<td>PK22s<\/td>\n<\/tr>\n<\/tbody>\n<\/table>\n<h4><\/h4>\n","protected":false},"excerpt":{"rendered":"<p>64151DWESY-HCB<\/p>\n","protected":false},"featured_media":108434,"comment_status":"open","ping_status":"closed","template":"","meta":{"colormag_page_container_layout":"default_layout","colormag_page_sidebar_layout":"default_layout"},"product_brand":[],"product_cat":[146],"product_tag":[],"class_list":{"0":"post-108437","1":"product","2":"type-product","3":"status-publish","4":"has-post-thumbnail","6":"product_cat-led-pirnid-pirnid-xenon","8":"first","9":"instock","10":"shipping-taxable","11":"purchasable","12":"product-type-simple"},"_links":{"self":[{"href":"https:\/\/automatic.ee\/en\/wp-json\/wp\/v2\/product\/108437","targetHints":{"allow":["GET"]}}],"collection":[{"href":"https:\/\/automatic.ee\/en\/wp-json\/wp\/v2\/product"}],"about":[{"href":"https:\/\/automatic.ee\/en\/wp-json\/wp\/v2\/types\/product"}],"replies":[{"embeddable":true,"href":"https:\/\/automatic.ee\/en\/wp-json\/wp\/v2\/comments?post=108437"}],"wp:featuredmedia":[{"embeddable":true,"href":"https:\/\/automatic.ee\/en\/wp-json\/wp\/v2\/media\/108434"}],"wp:attachment":[{"href":"https:\/\/automatic.ee\/en\/wp-json\/wp\/v2\/media?parent=108437"}],"wp:term":[{"taxonomy":"product_brand","embeddable":true,"href":"https:\/\/automatic.ee\/en\/wp-json\/wp\/v2\/product_brand?post=108437"},{"taxonomy":"product_cat","embeddable":true,"href":"https:\/\/automatic.ee\/en\/wp-json\/wp\/v2\/product_cat?post=108437"},{"taxonomy":"product_tag","embeddable":true,"href":"https:\/\/automatic.ee\/en\/wp-json\/wp\/v2\/product_tag?post=108437"}],"curies":[{"name":"wp","href":"https:\/\/api.w.org\/{rel}","templated":true}]}}