{"id":108433,"date":"2025-11-04T04:45:35","date_gmt":"2025-11-04T02:45:35","guid":{"rendered":"https:\/\/automatic.ee\/toode\/cool-blue-intense-h15-osram\/"},"modified":"2025-11-04T04:45:35","modified_gmt":"2025-11-04T02:45:35","slug":"cool-blue-intense-h15-osram","status":"publish","type":"product","link":"https:\/\/automatic.ee\/en\/toode\/cool-blue-intense-h15-osram\/","title":{"rendered":"COOL BLUE INTENSE H15 OSRAM"},"content":{"rendered":"<h4>H\u00f5\u00f5gpirn COOL BLUE\u00ae INTENSE (Next Gen) H15 12V 55\/15W 64176CBN-HCB<\/h4>\n<table class=\"attr_param_desc ecwid-description-table\">\n<tbody>\n<tr>\n<td>Lambit\u00fc\u00fcp<\/td>\n<td>H15<\/td>\n<\/tr>\n<tr>\n<td>Pinge<\/td>\n<td>12V<\/td>\n<\/tr>\n<tr>\n<td>Nimiv\u00f5imsus<\/td>\n<td>55\/15W<\/td>\n<\/tr>\n<tr>\n<td>Sokli t\u00fc\u00fcp, h\u00f5\u00f5glamp<\/td>\n<td>PGJ23t-1<\/td>\n<\/tr>\n<\/tbody>\n<\/table>\n","protected":false},"excerpt":{"rendered":"<p>64176CBN-HCB<\/p>\n","protected":false},"featured_media":108430,"comment_status":"open","ping_status":"closed","template":"","meta":{"colormag_page_container_layout":"default_layout","colormag_page_sidebar_layout":"default_layout"},"product_brand":[],"product_cat":[146],"product_tag":[],"class_list":{"0":"post-108433","1":"product","2":"type-product","3":"status-publish","4":"has-post-thumbnail","6":"product_cat-led-pirnid-pirnid-xenon","8":"first","9":"instock","10":"shipping-taxable","11":"purchasable","12":"product-type-simple"},"_links":{"self":[{"href":"https:\/\/automatic.ee\/en\/wp-json\/wp\/v2\/product\/108433","targetHints":{"allow":["GET"]}}],"collection":[{"href":"https:\/\/automatic.ee\/en\/wp-json\/wp\/v2\/product"}],"about":[{"href":"https:\/\/automatic.ee\/en\/wp-json\/wp\/v2\/types\/product"}],"replies":[{"embeddable":true,"href":"https:\/\/automatic.ee\/en\/wp-json\/wp\/v2\/comments?post=108433"}],"wp:featuredmedia":[{"embeddable":true,"href":"https:\/\/automatic.ee\/en\/wp-json\/wp\/v2\/media\/108430"}],"wp:attachment":[{"href":"https:\/\/automatic.ee\/en\/wp-json\/wp\/v2\/media?parent=108433"}],"wp:term":[{"taxonomy":"product_brand","embeddable":true,"href":"https:\/\/automatic.ee\/en\/wp-json\/wp\/v2\/product_brand?post=108433"},{"taxonomy":"product_cat","embeddable":true,"href":"https:\/\/automatic.ee\/en\/wp-json\/wp\/v2\/product_cat?post=108433"},{"taxonomy":"product_tag","embeddable":true,"href":"https:\/\/automatic.ee\/en\/wp-json\/wp\/v2\/product_tag?post=108433"}],"curies":[{"name":"wp","href":"https:\/\/api.w.org\/{rel}","templated":true}]}}