{"id":108413,"date":"2025-11-04T04:45:14","date_gmt":"2025-11-04T02:45:14","guid":{"rendered":"https:\/\/automatic.ee\/toode\/ledpirn-h4-h19-osram\/"},"modified":"2025-11-04T04:45:14","modified_gmt":"2025-11-04T02:45:14","slug":"ledpirn-h4-h19-osram","status":"publish","type":"product","link":"https:\/\/automatic.ee\/en\/toode\/ledpirn-h4-h19-osram\/","title":{"rendered":"LEDPIRN H4 H19 OSRAM"},"content":{"rendered":"<h4>Autopirn LED H4 LEDRIVING HL INTENSE 12V H4 13\/13W P43T 2tk<\/h4>\n<p>Osrami k\u00f5rgeim j\u00f5udlus LED-maastikul moderniseerimislamp<\/p>\n<p>Kuni +350% suurema heledusega, v\u00e4ga kompaktne LED-asendamine, on Ledriving HL intensiiv ! See LED -i moderniseerimislamp pakub OSRAM -i tipptasemel tala mustrit ja h\u00f5lpsat paigaldamist, millel on lai OSRAM -i sobivad lisaseadmed. Toodete haldamise tehnoloogia koos integreeritud aktiivse jahutusega &#8211; kiire ventilaator tagab soojuse hajumise v\u00f5imsamate toimingute jaoks. Samuti esmaklassiline OSRAM-i kvaliteet, mis on toodetud Itaalias sertifitseeritud OSRAM-i tootmisettev\u00f5ttes, ja 5-aastane garantii, samuti pika kasutusajaga. T\u00e4psete garantii tingimuste saamiseks lugege veebisaiti www.osram.com\/am-guarante.<\/p>\n<p>OSRAMi l\u00e4hi ja kaugtuled asendavad tavap\u00e4raseid halogeenlampe, on 12 V \u00fchilduvad ja nende v\u00e4rvitemperatuur on 6000k. Uusima LED -tehnoloogia ja v\u00e4ga kompaktse disaini abil v\u00f5imaldavad need lambid suure \u00fchilduvuse ja h\u00f5lpsa paigaldamise veelgi laiemale automudelitele. Neil toodetel ei ole ECE heakskiitu ja neid ei tohi v\u00e4lisk\u00fcljelt avalikel teedel kasutada. Avalikud teed kasutavad t\u00f6\u00f6litsentsi t\u00fchistamist ja kindlustuskaitse kaotamist. Mitmed riigid keelavad nende toodete m\u00fc\u00fcgi ja kasutamise. Lisateabe saamiseks p\u00f6\u00f6rduge kohaliku turustaja poole.<\/p>\n<p>Tooteteave<\/p>\n<p>Tootet\u00fc\u00fcp (maastikus vs maantee) maastikul \u2259 H4 \/ H19<\/p>\n<p>Rakendus (kategooria ja tootespetsiifiline), mida kasutatakse peamiselt kaugtule ja l\u00e4hitule jaoks<\/p>\n<p>Elektriandmed<\/p>\n<p>Toitesisend 25\/21,0 W<\/p>\n<p>Nominaalne pinge 12,0 V<\/p>\n<p>Nominaalne v\u00f5imsus 27\/23 W<\/p>\n<p>Testipinge 13,2 V<\/p>\n<p>Toitesisendi tolerants \u00b1 15 %<\/p>\n<p>Fotomeetrilised andmed<\/p>\n<p>Helendav voog 1900lm \/1350 lm<\/p>\n<p>Helendav voolu taluvus \u00b1 20 %<\/p>\n<p>V\u00e4rvitemperatuur 6000 K<\/p>\n<p>Helev\u00e4rviline LED jahe valge<\/p>\n<p>M\u00f5\u00f5tmed ja kaal<\/p>\n<p>Pikkus 87,4 mm<\/p>\n<p>L\u00e4bim\u00f5\u00f5t 18,5 mm<\/p>\n<p>Toote kaal 76,00 g<\/p>\n<p>Eluaeg<\/p>\n<p>Eluiga tc 5000 h<\/p>\n<p>Garantii 5 aastat<\/p>\n<p>T\u00e4iendavad tooteandmed<\/p>\n<p>Alus (standardnimetus) P43T \/ PU43T-3<\/p>\n<p>V\u00f5imed<\/p>\n<p>Tehnoloogia LED<\/p>\n<p>Riigi spetsiifilised kategooriad<\/p>\n<p>Tellimuse viide 64193DWint<\/p>\n<div>\n<div>\n<div><\/div>\n<\/div>\n<\/div>\n","protected":false},"excerpt":{"rendered":"<p>64193DWINT-2HFB<\/p>\n","protected":false},"featured_media":108410,"comment_status":"open","ping_status":"closed","template":"","meta":{"colormag_page_container_layout":"default_layout","colormag_page_sidebar_layout":"default_layout"},"product_brand":[],"product_cat":[146],"product_tag":[],"class_list":{"0":"post-108413","1":"product","2":"type-product","3":"status-publish","4":"has-post-thumbnail","6":"product_cat-led-pirnid-pirnid-xenon","8":"first","9":"instock","10":"shipping-taxable","11":"purchasable","12":"product-type-simple"},"_links":{"self":[{"href":"https:\/\/automatic.ee\/en\/wp-json\/wp\/v2\/product\/108413","targetHints":{"allow":["GET"]}}],"collection":[{"href":"https:\/\/automatic.ee\/en\/wp-json\/wp\/v2\/product"}],"about":[{"href":"https:\/\/automatic.ee\/en\/wp-json\/wp\/v2\/types\/product"}],"replies":[{"embeddable":true,"href":"https:\/\/automatic.ee\/en\/wp-json\/wp\/v2\/comments?post=108413"}],"wp:featuredmedia":[{"embeddable":true,"href":"https:\/\/automatic.ee\/en\/wp-json\/wp\/v2\/media\/108410"}],"wp:attachment":[{"href":"https:\/\/automatic.ee\/en\/wp-json\/wp\/v2\/media?parent=108413"}],"wp:term":[{"taxonomy":"product_brand","embeddable":true,"href":"https:\/\/automatic.ee\/en\/wp-json\/wp\/v2\/product_brand?post=108413"},{"taxonomy":"product_cat","embeddable":true,"href":"https:\/\/automatic.ee\/en\/wp-json\/wp\/v2\/product_cat?post=108413"},{"taxonomy":"product_tag","embeddable":true,"href":"https:\/\/automatic.ee\/en\/wp-json\/wp\/v2\/product_tag?post=108413"}],"curies":[{"name":"wp","href":"https:\/\/api.w.org\/{rel}","templated":true}]}}