{"id":108397,"date":"2025-11-04T04:44:59","date_gmt":"2025-11-04T02:44:59","guid":{"rendered":"https:\/\/automatic.ee\/toode\/ledriving-intense-h7-h18-osram\/"},"modified":"2025-11-04T04:44:59","modified_gmt":"2025-11-04T02:44:59","slug":"ledriving-intense-h7-h18-osram","status":"publish","type":"product","link":"https:\/\/automatic.ee\/en\/toode\/ledriving-intense-h7-h18-osram\/","title":{"rendered":"LEDRIVING INTENSE H7\/H18 OSRAM"},"content":{"rendered":"<h4>H\u00f5\u00f5gpirn, Kaugtuli LEDriving\u00ae HL INTENSE LED 12V 21W 64210DWINT-2HFB<\/h4>\n<p>Lambit\u00fc\u00fcp:<\/p>\n<div>\n<div>LED<\/div>\n<\/div>\n<div>\n<div>\n<div><span class=\"\">Pinge [V]:<\/span><\/div>\n<div>12<\/div>\n<\/div>\n<\/div>\n<div>\n<div>\n<div><span class=\"\">Nimiv\u00f5imsus (W):<\/span><\/div>\n<div>21<\/div>\n<\/div>\n<\/div>\n<div>\n<div>\n<div><span class=\"\">Sokli t\u00fc\u00fcp, h\u00f5\u00f5glamp:<\/span><\/div>\n<div>PX26d<\/div>\n<\/div>\n<\/div>\n<div>\n<div>\n<div><span class=\"\">Pirni t\u00fc\u00fcp:<\/span><\/div>\n<div>H7<\/div>\n<\/div>\n<\/div>\n<div>\n<div>\n<div><span class=\"c-white\">Pirni t\u00fc\u00fcp:<\/span><\/div>\n<div>H18<\/div>\n<\/div>\n<\/div>\n","protected":false},"excerpt":{"rendered":"<p>64210DWINT-2HFB<\/p>\n","protected":false},"featured_media":108394,"comment_status":"open","ping_status":"closed","template":"","meta":{"colormag_page_container_layout":"default_layout","colormag_page_sidebar_layout":"default_layout"},"product_brand":[],"product_cat":[146],"product_tag":[],"class_list":{"0":"post-108397","1":"product","2":"type-product","3":"status-publish","4":"has-post-thumbnail","6":"product_cat-led-pirnid-pirnid-xenon","8":"first","9":"instock","10":"shipping-taxable","11":"purchasable","12":"product-type-simple"},"_links":{"self":[{"href":"https:\/\/automatic.ee\/en\/wp-json\/wp\/v2\/product\/108397","targetHints":{"allow":["GET"]}}],"collection":[{"href":"https:\/\/automatic.ee\/en\/wp-json\/wp\/v2\/product"}],"about":[{"href":"https:\/\/automatic.ee\/en\/wp-json\/wp\/v2\/types\/product"}],"replies":[{"embeddable":true,"href":"https:\/\/automatic.ee\/en\/wp-json\/wp\/v2\/comments?post=108397"}],"wp:featuredmedia":[{"embeddable":true,"href":"https:\/\/automatic.ee\/en\/wp-json\/wp\/v2\/media\/108394"}],"wp:attachment":[{"href":"https:\/\/automatic.ee\/en\/wp-json\/wp\/v2\/media?parent=108397"}],"wp:term":[{"taxonomy":"product_brand","embeddable":true,"href":"https:\/\/automatic.ee\/en\/wp-json\/wp\/v2\/product_brand?post=108397"},{"taxonomy":"product_cat","embeddable":true,"href":"https:\/\/automatic.ee\/en\/wp-json\/wp\/v2\/product_cat?post=108397"},{"taxonomy":"product_tag","embeddable":true,"href":"https:\/\/automatic.ee\/en\/wp-json\/wp\/v2\/product_tag?post=108397"}],"curies":[{"name":"wp","href":"https:\/\/api.w.org\/{rel}","templated":true}]}}