{"id":108381,"date":"2025-11-04T04:44:41","date_gmt":"2025-11-04T02:44:41","guid":{"rendered":"https:\/\/automatic.ee\/toode\/led-driving-h8-h9-h11-h16-osram\/"},"modified":"2025-11-04T04:44:41","modified_gmt":"2025-11-04T02:44:41","slug":"led-driving-h8-h9-h11-h16-osram","status":"publish","type":"product","link":"https:\/\/automatic.ee\/en\/toode\/led-driving-h8-h9-h11-h16-osram\/","title":{"rendered":"LED DRIVING H8\/H9\/H11\/H16 OSRAM"},"content":{"rendered":"<h4>12v h8\/h11\/h16 led pirn +300% 19w 1900lm 2tk osram<\/h4>\n<p>Lambit\u00fc\u00fcp:<\/p>\n<div>\n<div>LED<\/div>\n<\/div>\n<div>\n<div>\n<div><span class=\"\">Pinge [V]:<\/span><\/div>\n<div>12<\/div>\n<\/div>\n<\/div>\n<div>\n<div>\n<div><span class=\"\">Nimiv\u00f5imsus (W):<\/span><\/div>\n<div>19<\/div>\n<\/div>\n<\/div>\n<div>\n<div>\n<div><span class=\"\">Sokli t\u00fc\u00fcp, h\u00f5\u00f5glamp:<\/span><\/div>\n<div>PGJ19<\/div>\n<\/div>\n<\/div>\n<div>\n<div>\n<div><span class=\"\">Pirni t\u00fc\u00fcp:<\/span><\/div>\n<div>H11<\/div>\n<\/div>\n<\/div>\n<div>\n<div>\n<div><span class=\"c-white\">Pirni t\u00fc\u00fcp:<\/span><\/div>\n<div>H9<\/div>\n<\/div>\n<\/div>\n<div>\n<div>\n<div><span class=\"c-white\">Pirni t\u00fc\u00fcp:<\/span><\/div>\n<div>H8<\/div>\n<\/div>\n<\/div>\n<div>\n<div>\n<div><span class=\"c-white\">Pirni t\u00fc\u00fcp:<\/span><\/div>\n<div>H16<\/div>\n<\/div>\n<\/div>\n<div>\n<div>\n<div><span class=\"\">Rida:<\/span><\/div>\n<div>LEDriving HL BRIGHT<\/div>\n<\/div>\n<\/div>\n<div>\n<div>\n<div><span class=\"\">Pinge [V]:<\/span><\/div>\n<div>12<\/div>\n<\/div>\n<\/div>\n<div>\n<div>\n<div><span class=\"\">Nimiv\u00f5imsus [W]:<\/span><\/div>\n<div>19<\/div>\n<\/div>\n<\/div>\n<div>\n<div>\n<div><span class=\"\">Sokli t\u00fc\u00fcp:<\/span><\/div>\n<div>PGJ19<\/div>\n<\/div>\n<\/div>\n<div>\n<div>\n<div><span class=\"\">Laternat\u00fc\u00fcp:<\/span><\/div>\n<div>LED<\/div>\n<\/div>\n<\/div>\n","protected":false},"excerpt":{"rendered":"<p>64211DWBRT-2HFB<\/p>\n","protected":false},"featured_media":108378,"comment_status":"open","ping_status":"closed","template":"","meta":{"colormag_page_container_layout":"default_layout","colormag_page_sidebar_layout":"default_layout"},"product_brand":[],"product_cat":[146],"product_tag":[],"class_list":{"0":"post-108381","1":"product","2":"type-product","3":"status-publish","4":"has-post-thumbnail","6":"product_cat-led-pirnid-pirnid-xenon","8":"first","9":"instock","10":"shipping-taxable","11":"purchasable","12":"product-type-simple"},"_links":{"self":[{"href":"https:\/\/automatic.ee\/en\/wp-json\/wp\/v2\/product\/108381","targetHints":{"allow":["GET"]}}],"collection":[{"href":"https:\/\/automatic.ee\/en\/wp-json\/wp\/v2\/product"}],"about":[{"href":"https:\/\/automatic.ee\/en\/wp-json\/wp\/v2\/types\/product"}],"replies":[{"embeddable":true,"href":"https:\/\/automatic.ee\/en\/wp-json\/wp\/v2\/comments?post=108381"}],"wp:featuredmedia":[{"embeddable":true,"href":"https:\/\/automatic.ee\/en\/wp-json\/wp\/v2\/media\/108378"}],"wp:attachment":[{"href":"https:\/\/automatic.ee\/en\/wp-json\/wp\/v2\/media?parent=108381"}],"wp:term":[{"taxonomy":"product_brand","embeddable":true,"href":"https:\/\/automatic.ee\/en\/wp-json\/wp\/v2\/product_brand?post=108381"},{"taxonomy":"product_cat","embeddable":true,"href":"https:\/\/automatic.ee\/en\/wp-json\/wp\/v2\/product_cat?post=108381"},{"taxonomy":"product_tag","embeddable":true,"href":"https:\/\/automatic.ee\/en\/wp-json\/wp\/v2\/product_tag?post=108381"}],"curies":[{"name":"wp","href":"https:\/\/api.w.org\/{rel}","templated":true}]}}