{"id":108289,"date":"2025-11-04T04:43:16","date_gmt":"2025-11-04T02:43:16","guid":{"rendered":"https:\/\/automatic.ee\/toode\/d4s-42v-35w-p32d-5-xenarc-cool-blue-intens-osram\/"},"modified":"2025-11-04T04:43:16","modified_gmt":"2025-11-04T02:43:16","slug":"d4s-42v-35w-p32d-5-xenarc-cool-blue-intens-osram","status":"publish","type":"product","link":"https:\/\/automatic.ee\/en\/toode\/d4s-42v-35w-p32d-5-xenarc-cool-blue-intens-osram\/","title":{"rendered":"D4S 42V\/35W P32D-5 XENARC COOL BLUE INTENS OSRAM"},"content":{"rendered":"<h4>H\u00f5\u00f5gpirn, Kaugtuli XENARC\u00ae COOL BLUE\u00ae INTENSE (Next Gen) D4S (Gaaslahenduslamp) 42V 35W 66440CBN<\/h4>\n<table class=\"attr_param_desc ecwid-description-table\">\n<tbody>\n<tr>\n<td>Lambit\u00fc\u00fcp<\/td>\n<td>D4S (Gaaslahenduslamp)<\/td>\n<\/tr>\n<tr>\n<td>Pinge<\/td>\n<td>42V<\/td>\n<\/tr>\n<tr>\n<td>Nimiv\u00f5imsus<\/td>\n<td>35W<\/td>\n<\/tr>\n<tr>\n<td>Sokli t\u00fc\u00fcp, h\u00f5\u00f5glamp<\/td>\n<td>P32d-5<\/td>\n<\/tr>\n<tr>\n<td>Konteineri t\u00fc\u00fcp<\/td>\n<td>Sahtel<\/td>\n<\/tr>\n<\/tbody>\n<\/table>\n","protected":false},"excerpt":{"rendered":"<p>66440CBN<\/p>\n","protected":false},"featured_media":108286,"comment_status":"open","ping_status":"closed","template":"","meta":{"colormag_page_container_layout":"default_layout","colormag_page_sidebar_layout":"default_layout"},"product_brand":[],"product_cat":[146],"product_tag":[],"class_list":{"0":"post-108289","1":"product","2":"type-product","3":"status-publish","4":"has-post-thumbnail","6":"product_cat-led-pirnid-pirnid-xenon","8":"first","9":"instock","10":"shipping-taxable","11":"purchasable","12":"product-type-simple"},"_links":{"self":[{"href":"https:\/\/automatic.ee\/en\/wp-json\/wp\/v2\/product\/108289","targetHints":{"allow":["GET"]}}],"collection":[{"href":"https:\/\/automatic.ee\/en\/wp-json\/wp\/v2\/product"}],"about":[{"href":"https:\/\/automatic.ee\/en\/wp-json\/wp\/v2\/types\/product"}],"replies":[{"embeddable":true,"href":"https:\/\/automatic.ee\/en\/wp-json\/wp\/v2\/comments?post=108289"}],"wp:featuredmedia":[{"embeddable":true,"href":"https:\/\/automatic.ee\/en\/wp-json\/wp\/v2\/media\/108286"}],"wp:attachment":[{"href":"https:\/\/automatic.ee\/en\/wp-json\/wp\/v2\/media?parent=108289"}],"wp:term":[{"taxonomy":"product_brand","embeddable":true,"href":"https:\/\/automatic.ee\/en\/wp-json\/wp\/v2\/product_brand?post=108289"},{"taxonomy":"product_cat","embeddable":true,"href":"https:\/\/automatic.ee\/en\/wp-json\/wp\/v2\/product_cat?post=108289"},{"taxonomy":"product_tag","embeddable":true,"href":"https:\/\/automatic.ee\/en\/wp-json\/wp\/v2\/product_tag?post=108289"}],"curies":[{"name":"wp","href":"https:\/\/api.w.org\/{rel}","templated":true}]}}