{"id":108269,"date":"2025-11-04T04:42:58","date_gmt":"2025-11-04T02:42:58","guid":{"rendered":"https:\/\/automatic.ee\/toode\/12v-55w-pgj19-2-h8-h11-h16-led-osram\/"},"modified":"2025-11-04T04:42:58","modified_gmt":"2025-11-04T02:42:58","slug":"12v-55w-pgj19-2-h8-h11-h16-led-osram","status":"publish","type":"product","link":"https:\/\/automatic.ee\/en\/toode\/12v-55w-pgj19-2-h8-h11-h16-led-osram\/","title":{"rendered":"12V 55W PGJ19-2 H8 H11 H16 LED OSRAM"},"content":{"rendered":"<h4>H\u00f5\u00f5gpirn LEDriving\u00ae FL LED 12V 9W 67219CW<\/h4>\n<ul>\n<li><span class=\"attr-name\">Mudel:<\/span><span class=\"attr-value\">LEDriving\u00ae FL<\/span><\/li>\n<li><span class=\"attr-name\">Tootjanumber:<\/span><span class=\"attr-value\">67219CW<\/span><\/li>\n<li><span class=\"attr-name\">Lambit\u00fc\u00fcp:<\/span><span class=\"attr-value\">LED<\/span><\/li>\n<li><span class=\"attr-name\">Pinge [V]:<\/span><span class=\"attr-value\">12<\/span><\/li>\n<li><span class=\"attr-name\">Nimiv\u00f5imsus (W):<\/span><span class=\"attr-value\">9<\/span><\/li>\n<li><span class=\"attr-name\">Sokli t\u00fc\u00fcp, h\u00f5\u00f5glamp:<\/span><span class=\"attr-value\">PGJ19<\/span><\/li>\n<\/ul>\n","protected":false},"excerpt":{"rendered":"<p>67219CW<\/p>\n","protected":false},"featured_media":108266,"comment_status":"open","ping_status":"closed","template":"","meta":{"colormag_page_container_layout":"default_layout","colormag_page_sidebar_layout":"default_layout"},"product_brand":[],"product_cat":[146],"product_tag":[],"class_list":{"0":"post-108269","1":"product","2":"type-product","3":"status-publish","4":"has-post-thumbnail","6":"product_cat-led-pirnid-pirnid-xenon","8":"first","9":"instock","10":"shipping-taxable","11":"purchasable","12":"product-type-simple"},"_links":{"self":[{"href":"https:\/\/automatic.ee\/en\/wp-json\/wp\/v2\/product\/108269","targetHints":{"allow":["GET"]}}],"collection":[{"href":"https:\/\/automatic.ee\/en\/wp-json\/wp\/v2\/product"}],"about":[{"href":"https:\/\/automatic.ee\/en\/wp-json\/wp\/v2\/types\/product"}],"replies":[{"embeddable":true,"href":"https:\/\/automatic.ee\/en\/wp-json\/wp\/v2\/comments?post=108269"}],"wp:featuredmedia":[{"embeddable":true,"href":"https:\/\/automatic.ee\/en\/wp-json\/wp\/v2\/media\/108266"}],"wp:attachment":[{"href":"https:\/\/automatic.ee\/en\/wp-json\/wp\/v2\/media?parent=108269"}],"wp:term":[{"taxonomy":"product_brand","embeddable":true,"href":"https:\/\/automatic.ee\/en\/wp-json\/wp\/v2\/product_brand?post=108269"},{"taxonomy":"product_cat","embeddable":true,"href":"https:\/\/automatic.ee\/en\/wp-json\/wp\/v2\/product_cat?post=108269"},{"taxonomy":"product_tag","embeddable":true,"href":"https:\/\/automatic.ee\/en\/wp-json\/wp\/v2\/product_tag?post=108269"}],"curies":[{"name":"wp","href":"https:\/\/api.w.org\/{rel}","templated":true}]}}