{"id":108189,"date":"2025-11-04T04:41:32","date_gmt":"2025-11-04T02:41:32","guid":{"rendered":"https:\/\/automatic.ee\/toode\/silindriline-frees-loikamise-ots-d-12mm\/"},"modified":"2025-11-04T04:41:32","modified_gmt":"2025-11-04T02:41:32","slug":"silindriline-frees-loikamise-ots-d-12mm","status":"publish","type":"product","link":"https:\/\/automatic.ee\/en\/toode\/silindriline-frees-loikamise-ots-d-12mm\/","title":{"rendered":"Silindriline frees (l\u00f5ikamise ots d = 12mm)"},"content":{"rendered":"<table class=\"ecwid-description-table\">\n<tbody>\n<tr>\n<td>Kirjeldus<\/td>\n<td>V\u00e4rviliste metallide jaoks<\/td>\n<\/tr>\n<tr>\n<td>Pea l\u00e4bim\u00f5\u00f5t<\/td>\n<td>12mm<\/td>\n<\/tr>\n<tr>\n<td>Pea pikkus<\/td>\n<td>25mm<\/td>\n<\/tr>\n<tr>\n<td>Kogupikkus<\/td>\n<td>65mm<\/td>\n<\/tr>\n<tr>\n<td><span class=\"JLqJ4b ChMk0b\">L\u00e4bim\u00f5\u00f5t<\/span><\/td>\n<td><span class=\"JLqJ4b ChMk0b\">6mm<\/span><\/td>\n<\/tr>\n<\/tbody>\n<\/table>\n","protected":false},"excerpt":{"rendered":"<p>72062<\/p>\n","protected":false},"featured_media":108186,"comment_status":"open","ping_status":"closed","template":"","meta":{"colormag_page_container_layout":"default_layout","colormag_page_sidebar_layout":"default_layout"},"product_brand":[],"product_cat":[166,142],"product_tag":[],"class_list":{"0":"post-108189","1":"product","2":"type-product","3":"status-publish","4":"has-post-thumbnail","6":"product_cat-freesid","7":"product_cat-tooriistad","9":"first","10":"instock","11":"shipping-taxable","12":"purchasable","13":"product-type-simple"},"_links":{"self":[{"href":"https:\/\/automatic.ee\/en\/wp-json\/wp\/v2\/product\/108189","targetHints":{"allow":["GET"]}}],"collection":[{"href":"https:\/\/automatic.ee\/en\/wp-json\/wp\/v2\/product"}],"about":[{"href":"https:\/\/automatic.ee\/en\/wp-json\/wp\/v2\/types\/product"}],"replies":[{"embeddable":true,"href":"https:\/\/automatic.ee\/en\/wp-json\/wp\/v2\/comments?post=108189"}],"wp:featuredmedia":[{"embeddable":true,"href":"https:\/\/automatic.ee\/en\/wp-json\/wp\/v2\/media\/108186"}],"wp:attachment":[{"href":"https:\/\/automatic.ee\/en\/wp-json\/wp\/v2\/media?parent=108189"}],"wp:term":[{"taxonomy":"product_brand","embeddable":true,"href":"https:\/\/automatic.ee\/en\/wp-json\/wp\/v2\/product_brand?post=108189"},{"taxonomy":"product_cat","embeddable":true,"href":"https:\/\/automatic.ee\/en\/wp-json\/wp\/v2\/product_cat?post=108189"},{"taxonomy":"product_tag","embeddable":true,"href":"https:\/\/automatic.ee\/en\/wp-json\/wp\/v2\/product_tag?post=108189"}],"curies":[{"name":"wp","href":"https:\/\/api.w.org\/{rel}","templated":true}]}}