{"id":108017,"date":"2025-11-04T04:38:28","date_gmt":"2025-11-04T02:38:28","guid":{"rendered":"https:\/\/automatic.ee\/toode\/caramics-wheel-protection-kit-parim-kaitse-ja-laige-velgedele\/"},"modified":"2025-11-04T04:38:28","modified_gmt":"2025-11-04T02:38:28","slug":"caramics-wheel-protection-kit-parim-kaitse-ja-laige-velgedele","status":"publish","type":"product","link":"https:\/\/automatic.ee\/en\/toode\/caramics-wheel-protection-kit-parim-kaitse-ja-laige-velgedele\/","title":{"rendered":"Caramics Wheel Protection Kit PARIM KAITSE JA L\u00c4IGE VELGEDELE"},"content":{"rendered":"<p>Parim kauakestev kaitse. vetth\u00fclgavus. isepuhastuvus ja l\u00e4ige su autole. mis kestab 12 kuud. Sisaldab 1 x 100ml eelpihustus. 1 x 100ml keraamiline kattevahend. 4 x mikrofiiber aplikaatorid. kaitsekindaid. juhendit. kleepse. Enne alustamist loe hoolikalt juhendit ja veendu. et veljed on puhtad. kuivad. jahedad ja ei ole p\u00e4ikese k\u00e4es.<\/p>\n<p>CERAMIC<\/p>\n<p>AUTO FINESSE<\/p>\n<p>784672119955<\/p>\n","protected":false},"excerpt":{"rendered":"<p>784672119955<\/p>\n","protected":false},"featured_media":108014,"comment_status":"open","ping_status":"closed","template":"","meta":{"colormag_page_container_layout":"default_layout","colormag_page_sidebar_layout":"default_layout"},"product_brand":[],"product_cat":[128],"product_tag":[],"class_list":{"0":"post-108017","1":"product","2":"type-product","3":"status-publish","4":"has-post-thumbnail","6":"product_cat-autokeemia","8":"first","9":"instock","10":"shipping-taxable","11":"purchasable","12":"product-type-simple"},"_links":{"self":[{"href":"https:\/\/automatic.ee\/en\/wp-json\/wp\/v2\/product\/108017","targetHints":{"allow":["GET"]}}],"collection":[{"href":"https:\/\/automatic.ee\/en\/wp-json\/wp\/v2\/product"}],"about":[{"href":"https:\/\/automatic.ee\/en\/wp-json\/wp\/v2\/types\/product"}],"replies":[{"embeddable":true,"href":"https:\/\/automatic.ee\/en\/wp-json\/wp\/v2\/comments?post=108017"}],"wp:featuredmedia":[{"embeddable":true,"href":"https:\/\/automatic.ee\/en\/wp-json\/wp\/v2\/media\/108014"}],"wp:attachment":[{"href":"https:\/\/automatic.ee\/en\/wp-json\/wp\/v2\/media?parent=108017"}],"wp:term":[{"taxonomy":"product_brand","embeddable":true,"href":"https:\/\/automatic.ee\/en\/wp-json\/wp\/v2\/product_brand?post=108017"},{"taxonomy":"product_cat","embeddable":true,"href":"https:\/\/automatic.ee\/en\/wp-json\/wp\/v2\/product_cat?post=108017"},{"taxonomy":"product_tag","embeddable":true,"href":"https:\/\/automatic.ee\/en\/wp-json\/wp\/v2\/product_tag?post=108017"}],"curies":[{"name":"wp","href":"https:\/\/api.w.org\/{rel}","templated":true}]}}