{"id":107957,"date":"2025-11-04T04:37:39","date_gmt":"2025-11-04T02:37:39","guid":{"rendered":"https:\/\/automatic.ee\/toode\/autoparfuum-nebbia-250ml-grass\/"},"modified":"2025-11-04T04:37:39","modified_gmt":"2025-11-04T02:37:39","slug":"autoparfuum-nebbia-250ml-grass","status":"publish","type":"product","link":"https:\/\/automatic.ee\/en\/toode\/autoparfuum-nebbia-250ml-grass\/","title":{"rendered":"Autoparf\u00fc\u00fcm Nebbia 250ml GRASS"},"content":{"rendered":"<p>Eksklusiivne l\u00f5hnaaine, millel on ainulaadne esmaklassilise parf\u00fc\u00fcmi l\u00f5hn. K\u00f5rvaldab t\u00f5husalt ebameeldivad l\u00f5hnad ja v\u00e4rskendab \u00f5hku. Hoolikalt valitud koostisosad, mis on osa l\u00f5hnaainest, ja \u00f6konoomne pihustuspudel v\u00f5imaldavad l\u00f5hna pikka aega nautida. Sobib \u00f5hu aromatiseerimiseks kord-isiklikku t\u00fc\u00fcpi ruumides ja autos, ei j\u00e4ta j\u00e4lgi polstrile, kangale, m\u00f6\u00f6blile, tapeedile.<\/p>\n","protected":false},"excerpt":{"rendered":"<p>800014<\/p>\n","protected":false},"featured_media":107954,"comment_status":"open","ping_status":"closed","template":"","meta":{"colormag_page_container_layout":"default_layout","colormag_page_sidebar_layout":"default_layout"},"product_brand":[],"product_cat":[162],"product_tag":[],"class_list":{"0":"post-107957","1":"product","2":"type-product","3":"status-publish","4":"has-post-thumbnail","6":"product_cat-grass-keemia-ja-detailing","8":"first","9":"instock","10":"shipping-taxable","11":"purchasable","12":"product-type-simple"},"_links":{"self":[{"href":"https:\/\/automatic.ee\/en\/wp-json\/wp\/v2\/product\/107957","targetHints":{"allow":["GET"]}}],"collection":[{"href":"https:\/\/automatic.ee\/en\/wp-json\/wp\/v2\/product"}],"about":[{"href":"https:\/\/automatic.ee\/en\/wp-json\/wp\/v2\/types\/product"}],"replies":[{"embeddable":true,"href":"https:\/\/automatic.ee\/en\/wp-json\/wp\/v2\/comments?post=107957"}],"wp:featuredmedia":[{"embeddable":true,"href":"https:\/\/automatic.ee\/en\/wp-json\/wp\/v2\/media\/107954"}],"wp:attachment":[{"href":"https:\/\/automatic.ee\/en\/wp-json\/wp\/v2\/media?parent=107957"}],"wp:term":[{"taxonomy":"product_brand","embeddable":true,"href":"https:\/\/automatic.ee\/en\/wp-json\/wp\/v2\/product_brand?post=107957"},{"taxonomy":"product_cat","embeddable":true,"href":"https:\/\/automatic.ee\/en\/wp-json\/wp\/v2\/product_cat?post=107957"},{"taxonomy":"product_tag","embeddable":true,"href":"https:\/\/automatic.ee\/en\/wp-json\/wp\/v2\/product_tag?post=107957"}],"curies":[{"name":"wp","href":"https:\/\/api.w.org\/{rel}","templated":true}]}}