{"id":107809,"date":"2025-11-04T04:34:48","date_gmt":"2025-11-04T02:34:48","guid":{"rendered":"https:\/\/automatic.ee\/toode\/q2-trim-kvaliteetne-viimistluskate-auto-plastdetailidele\/"},"modified":"2025-11-04T04:34:48","modified_gmt":"2025-11-04T02:34:48","slug":"q2-trim-kvaliteetne-viimistluskate-auto-plastdetailidele","status":"publish","type":"product","link":"https:\/\/automatic.ee\/en\/toode\/q2-trim-kvaliteetne-viimistluskate-auto-plastdetailidele\/","title":{"rendered":"Q2 Trim KVALITEETNE VIIMISTLUSKATE AUTO PLASTDETAILIDELE"},"content":{"rendered":"<p>Q\u00b2 Trim&#8217;il on valem. mis v\u00f5imaldab seda kasutada erinevatel s\u00f5iduki osadel: plastikutel. v\u00e4rvimata osadel. raskesti hooldatavatel musta v\u00e4rvi pindadel ning taga- ja esitulekatetel p\u00e4rast nende poleerimist v\u00f5i taastamist. Teistelt sarnastelt toodetelt seda omadustekombinatsiooni t\u00f5en\u00e4oliselt ei leia.<\/p>\n","protected":false},"excerpt":{"rendered":"<p>8809432670308<\/p>\n","protected":false},"featured_media":107806,"comment_status":"open","ping_status":"closed","template":"","meta":{"colormag_page_container_layout":"default_layout","colormag_page_sidebar_layout":"default_layout"},"product_brand":[],"product_cat":[128],"product_tag":[],"class_list":{"0":"post-107809","1":"product","2":"type-product","3":"status-publish","4":"has-post-thumbnail","6":"product_cat-autokeemia","8":"first","9":"instock","10":"shipping-taxable","11":"purchasable","12":"product-type-simple"},"_links":{"self":[{"href":"https:\/\/automatic.ee\/en\/wp-json\/wp\/v2\/product\/107809","targetHints":{"allow":["GET"]}}],"collection":[{"href":"https:\/\/automatic.ee\/en\/wp-json\/wp\/v2\/product"}],"about":[{"href":"https:\/\/automatic.ee\/en\/wp-json\/wp\/v2\/types\/product"}],"replies":[{"embeddable":true,"href":"https:\/\/automatic.ee\/en\/wp-json\/wp\/v2\/comments?post=107809"}],"wp:featuredmedia":[{"embeddable":true,"href":"https:\/\/automatic.ee\/en\/wp-json\/wp\/v2\/media\/107806"}],"wp:attachment":[{"href":"https:\/\/automatic.ee\/en\/wp-json\/wp\/v2\/media?parent=107809"}],"wp:term":[{"taxonomy":"product_brand","embeddable":true,"href":"https:\/\/automatic.ee\/en\/wp-json\/wp\/v2\/product_brand?post=107809"},{"taxonomy":"product_cat","embeddable":true,"href":"https:\/\/automatic.ee\/en\/wp-json\/wp\/v2\/product_cat?post=107809"},{"taxonomy":"product_tag","embeddable":true,"href":"https:\/\/automatic.ee\/en\/wp-json\/wp\/v2\/product_tag?post=107809"}],"curies":[{"name":"wp","href":"https:\/\/api.w.org\/{rel}","templated":true}]}}