{"id":107745,"date":"2025-11-04T04:33:41","date_gmt":"2025-11-04T02:33:41","guid":{"rendered":"https:\/\/automatic.ee\/toode\/tire-brush\/"},"modified":"2025-11-04T04:33:41","modified_gmt":"2025-11-04T02:33:41","slug":"tire-brush","status":"publish","type":"product","link":"https:\/\/automatic.ee\/en\/toode\/tire-brush\/","title":{"rendered":"Tire brush"},"content":{"rendered":"<p>GYEON Q\u00b2M TireBrush &#8211; Suurep\u00e4rane puhastushari rehvidele, et saavutada ideaalsed puhastustulemused.<\/p>\n<p>J\u00e4igad, kuid \u00f5rnad s\u00fcnteetilised harjad, mis on paigutatud kemikaalikindlasse k\u00e4epidemesse, mis on \u00fchtlasi ergonoomilise kujuga. <\/p>\n<p>Gyeon Q\u00b2M TireBrushi on loodud, et pakkuda teile ohutut ja mugavat rehvide puhastamise v\u00f5imalust.<\/p>\n<p>Turvaline ja ergonoomine.<\/p>\n<p>Q\u00b2M TireBrush on disainitud, et olla turvaline ja effektiivne k\u00f5ikidel rehviliikidel. J\u00e4igad harjased eemaldavad mustust ja rasvasid effektiivselt rehvistruktuurilt.<\/p>\n","protected":false},"excerpt":{"rendered":"<p>8809432670995<\/p>\n","protected":false},"featured_media":107742,"comment_status":"open","ping_status":"closed","template":"","meta":{"colormag_page_container_layout":"default_layout","colormag_page_sidebar_layout":"default_layout"},"product_brand":[],"product_cat":[128],"product_tag":[],"class_list":{"0":"post-107745","1":"product","2":"type-product","3":"status-publish","4":"has-post-thumbnail","6":"product_cat-autokeemia","8":"first","9":"instock","10":"shipping-taxable","11":"purchasable","12":"product-type-simple"},"_links":{"self":[{"href":"https:\/\/automatic.ee\/en\/wp-json\/wp\/v2\/product\/107745","targetHints":{"allow":["GET"]}}],"collection":[{"href":"https:\/\/automatic.ee\/en\/wp-json\/wp\/v2\/product"}],"about":[{"href":"https:\/\/automatic.ee\/en\/wp-json\/wp\/v2\/types\/product"}],"replies":[{"embeddable":true,"href":"https:\/\/automatic.ee\/en\/wp-json\/wp\/v2\/comments?post=107745"}],"wp:featuredmedia":[{"embeddable":true,"href":"https:\/\/automatic.ee\/en\/wp-json\/wp\/v2\/media\/107742"}],"wp:attachment":[{"href":"https:\/\/automatic.ee\/en\/wp-json\/wp\/v2\/media?parent=107745"}],"wp:term":[{"taxonomy":"product_brand","embeddable":true,"href":"https:\/\/automatic.ee\/en\/wp-json\/wp\/v2\/product_brand?post=107745"},{"taxonomy":"product_cat","embeddable":true,"href":"https:\/\/automatic.ee\/en\/wp-json\/wp\/v2\/product_cat?post=107745"},{"taxonomy":"product_tag","embeddable":true,"href":"https:\/\/automatic.ee\/en\/wp-json\/wp\/v2\/product_tag?post=107745"}],"curies":[{"name":"wp","href":"https:\/\/api.w.org\/{rel}","templated":true}]}}