{"id":107725,"date":"2025-11-04T04:33:20","date_gmt":"2025-11-04T02:33:20","guid":{"rendered":"https:\/\/automatic.ee\/toode\/kontsentreeritud-sampoon-%d0%ba%d0%be%d0%bd%d1%86%d0%b5%d0%bd%d1%82%d1%80%d0%b8%d1%80%d0%be%d0%b2%d0%b0%d0%bd%d0%bd%d1%8b%d0%b9-%d1%88%d0%b0%d0%bc%d0%bf%d1%83%d0%bd%d1%8c-400ml-2\/"},"modified":"2025-11-04T04:33:20","modified_gmt":"2025-11-04T02:33:20","slug":"kontsentreeritud-sampoon-%d0%ba%d0%be%d0%bd%d1%86%d0%b5%d0%bd%d1%82%d1%80%d0%b8%d1%80%d0%be%d0%b2%d0%b0%d0%bd%d0%bd%d1%8b%d0%b9-%d1%88%d0%b0%d0%bc%d0%bf%d1%83%d0%bd%d1%8c-400ml-2","status":"publish","type":"product","link":"https:\/\/automatic.ee\/en\/toode\/kontsentreeritud-sampoon-%d0%ba%d0%be%d0%bd%d1%86%d0%b5%d0%bd%d1%82%d1%80%d0%b8%d1%80%d0%be%d0%b2%d0%b0%d0%bd%d0%bd%d1%8b%d0%b9-%d1%88%d0%b0%d0%bc%d0%bf%d1%83%d0%bd%d1%8c-400ml-2\/","title":{"rendered":"KONTSENTREERITUD \u0160AMPOON \u041a\u041e\u041d\u0426\u0415\u041d\u0422\u0420\u0418\u0420\u041e\u0412\u0410\u041d\u041d\u042b\u0419 \u0428\u0410\u041c\u041f\u0423\u041d\u042c 400ml"},"content":{"rendered":"<p>Suurep\u00e4rane hooldustoode silmapaistva detailingu jaoks. Nagu teisedki meie tootevalikus. on Q\u00b2M Bathe t\u00e4nu k\u00f5rge kontsentratsiooniga koostisele v\u00f5rratult t\u00f5hus. Paks geel on looduslikult vees lahustuv. eraldades v\u00e4ga meeldivat l\u00f5hna (meenutab Q\u00b2M Cure-i). samuti tekitab kauakestva vahu.<\/p>\n","protected":false},"excerpt":{"rendered":"<p>8809432671107<\/p>\n","protected":false},"featured_media":107722,"comment_status":"open","ping_status":"closed","template":"","meta":{"colormag_page_container_layout":"default_layout","colormag_page_sidebar_layout":"default_layout"},"product_brand":[],"product_cat":[128],"product_tag":[],"class_list":{"0":"post-107725","1":"product","2":"type-product","3":"status-publish","4":"has-post-thumbnail","6":"product_cat-autokeemia","8":"first","9":"instock","10":"shipping-taxable","11":"purchasable","12":"product-type-simple"},"_links":{"self":[{"href":"https:\/\/automatic.ee\/en\/wp-json\/wp\/v2\/product\/107725","targetHints":{"allow":["GET"]}}],"collection":[{"href":"https:\/\/automatic.ee\/en\/wp-json\/wp\/v2\/product"}],"about":[{"href":"https:\/\/automatic.ee\/en\/wp-json\/wp\/v2\/types\/product"}],"replies":[{"embeddable":true,"href":"https:\/\/automatic.ee\/en\/wp-json\/wp\/v2\/comments?post=107725"}],"wp:featuredmedia":[{"embeddable":true,"href":"https:\/\/automatic.ee\/en\/wp-json\/wp\/v2\/media\/107722"}],"wp:attachment":[{"href":"https:\/\/automatic.ee\/en\/wp-json\/wp\/v2\/media?parent=107725"}],"wp:term":[{"taxonomy":"product_brand","embeddable":true,"href":"https:\/\/automatic.ee\/en\/wp-json\/wp\/v2\/product_brand?post=107725"},{"taxonomy":"product_cat","embeddable":true,"href":"https:\/\/automatic.ee\/en\/wp-json\/wp\/v2\/product_cat?post=107725"},{"taxonomy":"product_tag","embeddable":true,"href":"https:\/\/automatic.ee\/en\/wp-json\/wp\/v2\/product_tag?post=107725"}],"curies":[{"name":"wp","href":"https:\/\/api.w.org\/{rel}","templated":true}]}}