{"id":107717,"date":"2025-11-04T04:33:12","date_gmt":"2025-11-04T02:33:12","guid":{"rendered":"https:\/\/automatic.ee\/toode\/autosampoon-400ml-2\/"},"modified":"2025-11-04T04:33:12","modified_gmt":"2025-11-04T02:33:12","slug":"autosampoon-400ml-2","status":"publish","type":"product","link":"https:\/\/automatic.ee\/en\/toode\/autosampoon-400ml-2\/","title":{"rendered":"AUTO\u0160AMPOON  400ml"},"content":{"rendered":"<p>Q\u00b2M Bathe + on maailma esimene pH-neutraalne \u0161ampoon. mis sisaldab SiO2. Isegi kiire pesu j\u00e4tab tugeva h\u00fcdrofoobse kihi. mis t\u00f5rjub vett. mustust ja l\u00fckkab edasi j\u00e4rgmise pesemise vajadust. Pesu ise on t\u00f5eline r\u00f5\u00f5m. sest \u0161ampoon on v\u00e4ga libe ja sellel on kogu Gyeoni tootevalikule iseloomulik l\u00f5hn.<\/p>\n","protected":false},"excerpt":{"rendered":"<p>8809432671206<\/p>\n","protected":false},"featured_media":107714,"comment_status":"open","ping_status":"closed","template":"","meta":{"colormag_page_container_layout":"default_layout","colormag_page_sidebar_layout":"default_layout"},"product_brand":[],"product_cat":[128],"product_tag":[],"class_list":{"0":"post-107717","1":"product","2":"type-product","3":"status-publish","4":"has-post-thumbnail","6":"product_cat-autokeemia","8":"first","9":"instock","10":"shipping-taxable","11":"purchasable","12":"product-type-simple"},"_links":{"self":[{"href":"https:\/\/automatic.ee\/en\/wp-json\/wp\/v2\/product\/107717","targetHints":{"allow":["GET"]}}],"collection":[{"href":"https:\/\/automatic.ee\/en\/wp-json\/wp\/v2\/product"}],"about":[{"href":"https:\/\/automatic.ee\/en\/wp-json\/wp\/v2\/types\/product"}],"replies":[{"embeddable":true,"href":"https:\/\/automatic.ee\/en\/wp-json\/wp\/v2\/comments?post=107717"}],"wp:featuredmedia":[{"embeddable":true,"href":"https:\/\/automatic.ee\/en\/wp-json\/wp\/v2\/media\/107714"}],"wp:attachment":[{"href":"https:\/\/automatic.ee\/en\/wp-json\/wp\/v2\/media?parent=107717"}],"wp:term":[{"taxonomy":"product_brand","embeddable":true,"href":"https:\/\/automatic.ee\/en\/wp-json\/wp\/v2\/product_brand?post=107717"},{"taxonomy":"product_cat","embeddable":true,"href":"https:\/\/automatic.ee\/en\/wp-json\/wp\/v2\/product_cat?post=107717"},{"taxonomy":"product_tag","embeddable":true,"href":"https:\/\/automatic.ee\/en\/wp-json\/wp\/v2\/product_tag?post=107717"}],"curies":[{"name":"wp","href":"https:\/\/api.w.org\/{rel}","templated":true}]}}