{"id":107709,"date":"2025-11-04T04:33:05","date_gmt":"2025-11-04T02:33:05","guid":{"rendered":"https:\/\/automatic.ee\/toode\/gyeon-hudrofoobne-kate-500ml\/"},"modified":"2025-11-04T04:33:05","modified_gmt":"2025-11-04T02:33:05","slug":"gyeon-hudrofoobne-kate-500ml","status":"publish","type":"product","link":"https:\/\/automatic.ee\/en\/toode\/gyeon-hudrofoobne-kate-500ml\/","title":{"rendered":"GYEON H\u00dcDROFOOBNE KATE 500ml"},"content":{"rendered":"<p>Q\u00b2M WetCoat on koheselt toimiv. v\u00e4ga lihtsasti kasutatav h\u00fcdrofoobsuse lisaja. Lihtsalt pihusta pestud autole peale ja loputa maha. Kuigi pealekandmine on kerge. j\u00e4tab Q\u00b2M WetCoat kestva ja keemiale vastupidava kihi.<\/p>\n","protected":false},"excerpt":{"rendered":"<p>8809432671305 GYEON<\/p>\n","protected":false},"featured_media":107706,"comment_status":"open","ping_status":"closed","template":"","meta":{"colormag_page_container_layout":"default_layout","colormag_page_sidebar_layout":"default_layout"},"product_brand":[],"product_cat":[108],"product_tag":[],"class_list":{"0":"post-107709","1":"product","2":"type-product","3":"status-publish","4":"has-post-thumbnail","6":"product_cat-misc","8":"first","9":"instock","10":"shipping-taxable","11":"purchasable","12":"product-type-simple"},"_links":{"self":[{"href":"https:\/\/automatic.ee\/en\/wp-json\/wp\/v2\/product\/107709","targetHints":{"allow":["GET"]}}],"collection":[{"href":"https:\/\/automatic.ee\/en\/wp-json\/wp\/v2\/product"}],"about":[{"href":"https:\/\/automatic.ee\/en\/wp-json\/wp\/v2\/types\/product"}],"replies":[{"embeddable":true,"href":"https:\/\/automatic.ee\/en\/wp-json\/wp\/v2\/comments?post=107709"}],"wp:featuredmedia":[{"embeddable":true,"href":"https:\/\/automatic.ee\/en\/wp-json\/wp\/v2\/media\/107706"}],"wp:attachment":[{"href":"https:\/\/automatic.ee\/en\/wp-json\/wp\/v2\/media?parent=107709"}],"wp:term":[{"taxonomy":"product_brand","embeddable":true,"href":"https:\/\/automatic.ee\/en\/wp-json\/wp\/v2\/product_brand?post=107709"},{"taxonomy":"product_cat","embeddable":true,"href":"https:\/\/automatic.ee\/en\/wp-json\/wp\/v2\/product_cat?post=107709"},{"taxonomy":"product_tag","embeddable":true,"href":"https:\/\/automatic.ee\/en\/wp-json\/wp\/v2\/product_tag?post=107709"}],"curies":[{"name":"wp","href":"https:\/\/api.w.org\/{rel}","templated":true}]}}