{"id":107661,"date":"2025-11-04T04:32:19","date_gmt":"2025-11-04T02:32:19","guid":{"rendered":"https:\/\/automatic.ee\/toode\/naha-kaitse-120ml\/"},"modified":"2025-11-04T04:32:19","modified_gmt":"2025-11-04T02:32:19","slug":"naha-kaitse-120ml","status":"publish","type":"product","link":"https:\/\/automatic.ee\/en\/toode\/naha-kaitse-120ml\/","title":{"rendered":"NAHA KAITSE 120ml"},"content":{"rendered":"<p>Q\u00b2 LeatherCoat on h\u00f5lpsasti kasutatav mitmek\u00fclgne auto nahkpindade kaitsevahend. See on ideaalseks valikuks detailingu harrastajatele. Q\u00b2 LeatherCoat-i v\u00f5ib kasutada igat t\u00fc\u00fcpi auto nahkpindadel ja see pakub \u00f5iget lahendust vanematel, kulunud polsterdustel, kus Q\u00b2 LeatherShield kasutamist ei soovitata. Kuni 3-kuuline kaitse ja mustuse t\u00f5rjuvus \u00fcletab mis tahes tavalise nahahooldustoodet, kaitstes pinda vedelike, higi, mustuse v\u00f5i r\u00f5ivaste \u201cv\u00e4rvi andmise\u201d eest.<\/p>\n","protected":false},"excerpt":{"rendered":"<p>8809432671909 Auto Finesse<\/p>\n","protected":false},"featured_media":107658,"comment_status":"open","ping_status":"closed","template":"","meta":{"colormag_page_container_layout":"default_layout","colormag_page_sidebar_layout":"default_layout"},"product_brand":[],"product_cat":[128],"product_tag":[],"class_list":{"0":"post-107661","1":"product","2":"type-product","3":"status-publish","4":"has-post-thumbnail","6":"product_cat-autokeemia","8":"first","9":"instock","10":"shipping-taxable","11":"purchasable","12":"product-type-simple"},"_links":{"self":[{"href":"https:\/\/automatic.ee\/en\/wp-json\/wp\/v2\/product\/107661","targetHints":{"allow":["GET"]}}],"collection":[{"href":"https:\/\/automatic.ee\/en\/wp-json\/wp\/v2\/product"}],"about":[{"href":"https:\/\/automatic.ee\/en\/wp-json\/wp\/v2\/types\/product"}],"replies":[{"embeddable":true,"href":"https:\/\/automatic.ee\/en\/wp-json\/wp\/v2\/comments?post=107661"}],"wp:featuredmedia":[{"embeddable":true,"href":"https:\/\/automatic.ee\/en\/wp-json\/wp\/v2\/media\/107658"}],"wp:attachment":[{"href":"https:\/\/automatic.ee\/en\/wp-json\/wp\/v2\/media?parent=107661"}],"wp:term":[{"taxonomy":"product_brand","embeddable":true,"href":"https:\/\/automatic.ee\/en\/wp-json\/wp\/v2\/product_brand?post=107661"},{"taxonomy":"product_cat","embeddable":true,"href":"https:\/\/automatic.ee\/en\/wp-json\/wp\/v2\/product_cat?post=107661"},{"taxonomy":"product_tag","embeddable":true,"href":"https:\/\/automatic.ee\/en\/wp-json\/wp\/v2\/product_tag?post=107661"}],"curies":[{"name":"wp","href":"https:\/\/api.w.org\/{rel}","templated":true}]}}