{"id":107657,"date":"2025-11-04T04:32:14","date_gmt":"2025-11-04T02:32:14","guid":{"rendered":"https:\/\/automatic.ee\/toode\/eelpesuvaht-gyeon-q%c2%b2m-seep-1000ml\/"},"modified":"2025-11-04T04:32:14","modified_gmt":"2025-11-04T02:32:14","slug":"eelpesuvaht-gyeon-q%c2%b2m-seep-1000ml","status":"publish","type":"product","link":"https:\/\/automatic.ee\/en\/toode\/eelpesuvaht-gyeon-q%c2%b2m-seep-1000ml\/","title":{"rendered":"EELPESUVAHT &#8211; GYEON Q\u00b2M Seep 1000ml"},"content":{"rendered":"<p>Eelpesu, eriti keraamilise kattega autodel, on v\u00e4ga oluline, et parimat v\u00f5imalikku visuaalefekti kauem s\u00e4ilitada. Q\u00b2M vaht tagab v\u00e4ga t\u00f5husa esimese sammu puhastusprotsessis, kuna see aitab v\u00e4hendada mustuse kogust, mis tuleb eemaldada korraliku suurema pesemise ajal pesukinda ja \u0161ampooniga.<\/p>\n","protected":false},"excerpt":{"rendered":"<p>8809432672005 GYEON<\/p>\n","protected":false},"featured_media":107654,"comment_status":"open","ping_status":"closed","template":"","meta":{"colormag_page_container_layout":"default_layout","colormag_page_sidebar_layout":"default_layout"},"product_brand":[],"product_cat":[108],"product_tag":[],"class_list":{"0":"post-107657","1":"product","2":"type-product","3":"status-publish","4":"has-post-thumbnail","6":"product_cat-misc","8":"first","9":"instock","10":"shipping-taxable","11":"purchasable","12":"product-type-simple"},"_links":{"self":[{"href":"https:\/\/automatic.ee\/en\/wp-json\/wp\/v2\/product\/107657","targetHints":{"allow":["GET"]}}],"collection":[{"href":"https:\/\/automatic.ee\/en\/wp-json\/wp\/v2\/product"}],"about":[{"href":"https:\/\/automatic.ee\/en\/wp-json\/wp\/v2\/types\/product"}],"replies":[{"embeddable":true,"href":"https:\/\/automatic.ee\/en\/wp-json\/wp\/v2\/comments?post=107657"}],"wp:featuredmedia":[{"embeddable":true,"href":"https:\/\/automatic.ee\/en\/wp-json\/wp\/v2\/media\/107654"}],"wp:attachment":[{"href":"https:\/\/automatic.ee\/en\/wp-json\/wp\/v2\/media?parent=107657"}],"wp:term":[{"taxonomy":"product_brand","embeddable":true,"href":"https:\/\/automatic.ee\/en\/wp-json\/wp\/v2\/product_brand?post=107657"},{"taxonomy":"product_cat","embeddable":true,"href":"https:\/\/automatic.ee\/en\/wp-json\/wp\/v2\/product_cat?post=107657"},{"taxonomy":"product_tag","embeddable":true,"href":"https:\/\/automatic.ee\/en\/wp-json\/wp\/v2\/product_tag?post=107657"}],"curies":[{"name":"wp","href":"https:\/\/api.w.org\/{rel}","templated":true}]}}